{"id":3683,"date":"2026-02-04T14:50:21","date_gmt":"2026-02-04T13:50:21","guid":{"rendered":"https:\/\/squidweb.biz\/soluciones\/automated-crew-communication\/"},"modified":"2026-03-02T16:05:18","modified_gmt":"2026-03-02T15:05:18","slug":"automated-crew-communication","status":"publish","type":"page","link":"https:\/\/squidweb.biz\/es\/soluciones\/automated-crew-communication\/","title":{"rendered":"Comunicaci\u00f3n Automatizada de Equipos"},"content":{"rendered":"<div id='av_section_1'  class='avia-section av-kp8fqqyl-c93d7d1e7b80feba1f4a953bd3b7b7e0 alternate_color avia-section-default avia-no-border-styling  avia-builder-el-0  el_before_av_section  avia-builder-el-first  avia-bg-style-scroll container_wrap fullsize'  ><div class='container av-section-cont-open' ><main  role=\"main\" itemprop=\"mainContentOfPage\"  class='template-page content  av-content-full alpha units'><div class='post-entry post-entry-type-page post-entry-3683'><div class='entry-content-wrapper clearfix'>\n<section  class='av_textblock_section av-knhe6slp-49461f55221b818cb523dc1f2606d84a '   itemscope=\"itemscope\" itemtype=\"https:\/\/schema.org\/CreativeWork\" ><div class='avia_textblock'  itemprop=\"text\" ><h1 style=\"text-align: center;\">Un sistema central para toda la comunicaci\u00f3n del equipo<\/h1>\n<\/div><\/section>\n<section  class='av_textblock_section av-ml83o4gf-cf7c53bc67dac072b15df10bfaa727ab '   itemscope=\"itemscope\" itemtype=\"https:\/\/schema.org\/CreativeWork\" ><div class='avia_textblock'  itemprop=\"text\" ><p class=\"p1\">Gestionar la comunicaci\u00f3n de equipos a gran escala es complejo. Instrucciones, actualizaciones, confirmaciones, documentos de cumplimiento normativo e informaci\u00f3n espec\u00edfica de proyectos deben llegar a las personas adecuadas en el momento adecuado, sin generar carga manual para los equipos de planificaci\u00f3n y operaciones.<\/p>\n<p class=\"p1\"><span class=\"s1\"><b>SquidWeb automatiza la comunicaci\u00f3n del equipo de principio a fin<\/b><\/span>, transformando mensajes dispersos y seguimientos manuales en un proceso estructurado, fiable y trazable.<\/p>\n<\/div><\/section>\n\n<style type=\"text\/css\" data-created_by=\"avia_inline_auto\" id=\"style-css-av-2wc965-e98208b59c6d42550b1d99efffd9bf76\">\n.flex_column.av-2wc965-e98208b59c6d42550b1d99efffd9bf76{\nborder-radius:0px 0px 0px 0px;\npadding:0px 0px 0px 0px;\n}\n<\/style>\n<div  class='flex_column av-2wc965-e98208b59c6d42550b1d99efffd9bf76 av_one_full  avia-builder-el-3  el_after_av_textblock  avia-builder-el-last  first flex_column_div av-zero-column-padding  column-top-margin'     ><section  class='av_textblock_section av-knheqzaw-a20eedca74cdea0de3e5b5669fbddfd7 '   itemscope=\"itemscope\" itemtype=\"https:\/\/schema.org\/CreativeWork\" ><div class='avia_textblock'  itemprop=\"text\" ><p class=\"p1\">SquidWeb distingue claramente entre  <span class=\"s1\"><b>informaci\u00f3n<\/b><\/span> e <span class=\"s1\"><b>instrucciones<\/b><\/span>, permitiendo a las empresas comunicarse con los miembros del equipo de la manera m\u00e1s adecuada seg\u00fan la situaci\u00f3n.<\/p>\n<ul>\n<li>\n<p class=\"p1\"><span class=\"s1\"><b>La informaci\u00f3n<\/b><\/span> se comparte sin requerir acci\u00f3n.<\/p>\n<\/li>\n<li>\n<p class=\"p1\"><span class=\"s1\"><b>Las instrucciones<\/b><\/span> requieren confirmaci\u00f3n, firma o finalizaci\u00f3n.<\/p>\n<\/li>\n<\/ul>\n<p class=\"p1\">Ambas se entregan directamente a los miembros del equipo a trav\u00e9s de la app m\u00f3vil de SquidWeb y pueden automatizarse completamente mediante robots.<\/p>\n<\/div><\/section><\/div><\/div><\/div><\/main><!-- close content main element --><\/div><\/div><div id='av_section_2'  class='avia-section av-kp8fpycf-5b5df10b8d95c70e228d75eafa4cf512 main_color avia-section-default avia-no-border-styling  avia-builder-el-5  el_after_av_section  el_before_av_section  avia-bg-style-scroll container_wrap fullsize'  ><div class='container av-section-cont-open' ><div class='template-page content  av-content-full alpha units'><div class='post-entry post-entry-type-page post-entry-3683'><div class='entry-content-wrapper clearfix'>\n<section  class='av_textblock_section av-kp3wppud-393770e97b8ff9c221bd0c2d5ec5484e '   itemscope=\"itemscope\" itemtype=\"https:\/\/schema.org\/CreativeWork\" ><div class='avia_textblock'  itemprop=\"text\" ><h2 style=\"text-align: center;\">Informaci\u00f3n: mantener informados a los miembros del equipo<\/h2>\n<\/div><\/section>\n<section  class='av_textblock_section av-kp3xe2lh-993d787b02dac340efc2c180fd9a7bab '   itemscope=\"itemscope\" itemtype=\"https:\/\/schema.org\/CreativeWork\" ><div class='avia_textblock'  itemprop=\"text\" ><p class=\"p1\">La informaci\u00f3n se utiliza para compartir contenido que los miembros del equipo deben ver, pero no necesariamente confirmar.<\/p>\n<p class=\"p1\">Casos de uso t\u00edpicos incluyen:<\/p>\n<ul>\n<li>\n<p class=\"p1\">Informaci\u00f3n general del cliente<\/p>\n<\/li>\n<li>\n<p class=\"p1\">Notas relacionadas con el proyecto<\/p>\n<\/li>\n<li>\n<p class=\"p1\">Directrices y documentos de referencia<\/p>\n<\/li>\n<li>\n<p class=\"p1\">Actualizaciones que siempre deben estar disponibles en la app m\u00f3vil<\/p>\n<\/li>\n<\/ul>\n<p class=\"p1\">La informaci\u00f3n puede adjuntarse a nivel de cliente o proyecto y permanece accesible para los miembros del equipo sin generar fricci\u00f3n ni confirmaciones innecesarias.<\/p>\n<\/div><\/section>\n<\/div><\/div><\/div><!-- close content main div --><\/div><\/div><div id='av_section_3'  class='avia-section av-9chmo2-2b2edce25840996bdfb5926d745615be alternate_color avia-section-default avia-no-border-styling  avia-builder-el-8  el_after_av_section  el_before_av_section  avia-bg-style-scroll container_wrap fullsize'  ><div class='container av-section-cont-open' ><div class='template-page content  av-content-full alpha units'><div class='post-entry post-entry-type-page post-entry-3683'><div class='entry-content-wrapper clearfix'>\n<section  class='av_textblock_section av-86suw2-e202f48502cb40b1fe83649e5b841d10 '   itemscope=\"itemscope\" itemtype=\"https:\/\/schema.org\/CreativeWork\" ><div class='avia_textblock'  itemprop=\"text\" ><h2 style=\"text-align: center;\">Instrucciones: cuando la acci\u00f3n y el cumplimiento son importantes<\/h2>\n<\/div><\/section>\n<section  class='av_textblock_section av-6bp3aq-75c8f6a0453952d7e1d8c34d8038eac0 '   itemscope=\"itemscope\" itemtype=\"https:\/\/schema.org\/CreativeWork\" ><div class='avia_textblock'  itemprop=\"text\" ><p class=\"p1\">Las instrucciones se utilizan cuando los miembros del equipo deben interactuar activamente con el contenido.<\/p>\n<p class=\"p1\">SquidWeb admite m\u00faltiples formatos de instrucciones, seg\u00fan el nivel de interacci\u00f3n y cumplimiento requerido:<\/p>\n<h3><b>Instrucciones firmadas digitalmente<\/b><\/h3>\n<p class=\"p1\">Ideales para contenido legal, de seguridad o relacionado con el cumplimiento normativo.<\/p>\n<ul>\n<li>\n<p class=\"p1\">Los miembros del equipo firman directamente en la app m\u00f3vil<\/p>\n<\/li>\n<li>\n<p class=\"p1\">Las firmas digitales incluyen marca de tiempo, IP y verificaci\u00f3n<\/p>\n<\/li>\n<li>\n<p class=\"p1\">Los per\u00edodos de validez y renovaciones pueden automatizarse<\/p>\n<\/li>\n<\/ul>\n<h3><b>Instrucciones basadas en documentos (Google Docs o PDFs)<\/b><\/h3>\n<p class=\"p3\">Ideales para instrucciones espec\u00edficas de cliente o proyecto.<\/p>\n<ul>\n<li>\n<p class=\"p1\">Las instrucciones se env\u00edan autom\u00e1ticamente a los miembros seleccionados<\/p>\n<\/li>\n<li>\n<p class=\"p1\">Las notificaciones pueden entregarse v\u00eda app, email o SMS<\/p>\n<\/li>\n<li>\n<p class=\"p1\">Los planificadores pueden rastrear cu\u00e1ndo se env\u00edan y reciben las instrucciones<\/p>\n<\/li>\n<\/ul>\n<h3><b>Instrucciones basadas en formularios<\/b><\/h3>\n<p class=\"p3\">Un enfoque m\u00e1s interactivo para instrucciones complejas o detalladas.<\/p>\n<ul>\n<li>\n<p class=\"p1\">Pasos estructurados y flujos guiados<\/p>\n<\/li>\n<li>\n<p class=\"p1\">V\u00eddeos incrustados y contenido enriquecido<\/p>\n<\/li>\n<li>\n<p class=\"p1\">Instrucciones claras y f\u00e1ciles de seguir dentro de la app m\u00f3vil<\/p>\n<\/li>\n<\/ul>\n<p class=\"p3\">Las instrucciones basadas en formularios son especialmente eficaces cuando los documentos est\u00e1ticos no son suficientemente claros o atractivos.<\/p>\n<\/div><\/section>\n<\/div><\/div><\/div><!-- close content main div --><\/div><\/div><div id='av_section_4'  class='avia-section av-3yltiq-c36755f2f75499fd832e6a5189c05028 main_color avia-section-default avia-no-border-styling  avia-builder-el-11  el_after_av_section  el_before_av_section  avia-bg-style-scroll container_wrap fullsize'  ><div class='container av-section-cont-open' ><div class='template-page content  av-content-full alpha units'><div class='post-entry post-entry-type-page post-entry-3683'><div class='entry-content-wrapper clearfix'>\n<section  class='av_textblock_section av-ml83sbwm-0ae7c59008239ac6d9f023b0efc2261c '   itemscope=\"itemscope\" itemtype=\"https:\/\/schema.org\/CreativeWork\" ><div class='avia_textblock'  itemprop=\"text\" ><h2 style=\"text-align: center;\"><b>M\u00e1s informaci\u00f3n: tutoriales y gu\u00edas paso a paso<\/b><\/h2>\n<\/div><\/section>\n<section  class='av_textblock_section av-ml83sms8-496805209bfe8921f6176d4082704d8c '   itemscope=\"itemscope\" itemtype=\"https:\/\/schema.org\/CreativeWork\" ><div class='avia_textblock'  itemprop=\"text\" ><p class=\"p1\">SquidWeb ofrece tutoriales detallados y gu\u00edas pr\u00e1cticas que cubren todos los flujos de informaci\u00f3n e instrucciones.<\/p>\n<p class=\"p1\">Desde la creaci\u00f3n de instrucciones digitales y la configuraci\u00f3n de robots hasta la gesti\u00f3n de la comunicaci\u00f3n con clientes y proyectos, todas las funcionalidades est\u00e1n documentadas paso a paso.<\/p>\n<p class=\"p1\">Explora nuestros tutoriales en: <a href=\"https:\/\/squidweb.info\/instructions-information\/\">https:\/\/squidweb.info\/instructions-information\/<\/a><\/p>\n<p class=\"p1\">Esta base de conocimiento se actualiza continuamente y es el mejor lugar para profundizar en configuraciones avanzadas y casos reales.<\/p>\n<\/div><\/section>\n<\/div><\/div><\/div><!-- close content main div --><\/div><\/div><div id='av_section_5'  class='avia-section av-kp8fthi2-d3d42f3eba85f78d6d84d8acec88f55c alternate_color avia-section-default avia-no-border-styling  avia-builder-el-14  el_after_av_section  el_before_av_section  avia-bg-style-scroll container_wrap fullsize'  ><div class='container av-section-cont-open' ><div class='template-page content  av-content-full alpha units'><div class='post-entry post-entry-type-page post-entry-3683'><div class='entry-content-wrapper clearfix'>\n<section  class='av_textblock_section av-kp3wppud-6-e9b773058a1a6abfd239a145b77b6124 '   itemscope=\"itemscope\" itemtype=\"https:\/\/schema.org\/CreativeWork\" ><div class='avia_textblock'  itemprop=\"text\" ><h2 style=\"text-align: center;\">Totalmente automatizado con robots de SquidWeb<\/h2>\n<\/div><\/section>\n<section  class='av_textblock_section av-kp3y2ln5-5e85f0fb6846685ade0f2b5237befa9a '   itemscope=\"itemscope\" itemtype=\"https:\/\/schema.org\/CreativeWork\" ><div class='avia_textblock'  itemprop=\"text\" ><p class=\"p1\">Toda la comunicaci\u00f3n dentro de SquidWeb puede automatizarse mediante robots.<\/p>\n<p class=\"p1\">Los robots permiten a las empresas:<\/p>\n<ul>\n<li>\n<p class=\"p1\">Seleccionar din\u00e1micamente qu\u00e9 miembros del equipo reciben qu\u00e9 mensajes<\/p>\n<\/li>\n<li>\n<p class=\"p1\">Activar comunicaciones seg\u00fan tiempo, estado del proyecto o asignaciones<\/p>\n<\/li>\n<li>\n<p class=\"p1\">Garantizar que los nuevos miembros del equipo reciban autom\u00e1ticamente las instrucciones necesarias<\/p>\n<\/li>\n<li>\n<p class=\"p1\">Reducir el trabajo manual y eliminar seguimientos innecesarios<\/p>\n<\/li>\n<\/ul>\n<p class=\"p1\">Los planificadores ya no necesitan perseguir confirmaciones ni reenviar documentos manualmente: el sistema lo gestiona autom\u00e1ticamente.<\/p>\n<\/div><\/section>\n<\/div><\/div><\/div><!-- close content main div --><\/div><\/div><div id='av_section_6'  class='avia-section av-2m7pgy-44da4681fbae4919d703d84a50a78300 main_color avia-section-default avia-no-border-styling  avia-builder-el-17  el_after_av_section  avia-builder-el-last  avia-bg-style-scroll container_wrap fullsize'  ><div class='container av-section-cont-open' ><div class='template-page content  av-content-full alpha units'><div class='post-entry post-entry-type-page post-entry-3683'><div class='entry-content-wrapper clearfix'>\n<section  class='av_textblock_section av-ml83tjcx-fe33223abadebd22f9127a4d3c4fa4c5 '   itemscope=\"itemscope\" itemtype=\"https:\/\/schema.org\/CreativeWork\" ><div class='avia_textblock'  itemprop=\"text\" ><h2 style=\"text-align: center;\">Dise\u00f1ado para escalar y adaptarse<\/h2>\n<\/div><\/section>\n<section  class='av_textblock_section av-ml83ttqj-ec4a57292dca4a5682657d3c1f52f7dd '   itemscope=\"itemscope\" itemtype=\"https:\/\/schema.org\/CreativeWork\" ><div class='avia_textblock'  itemprop=\"text\" ><p class=\"p1\">La Comunicaci\u00f3n Automatizada de Equipos en SquidWeb se adapta a distintos flujos de trabajo, clientes y mercados.<\/p>\n<p class=\"p1\">Ya sea que gestiones:<\/p>\n<ul>\n<li>\n<p class=\"p1\">Un equipo local peque\u00f1o<\/p>\n<\/li>\n<li>\n<p class=\"p1\">M\u00faltiples clientes en distintas regiones<\/p>\n<\/li>\n<li>\n<p class=\"p1\">Proyectos de alto volumen con asignaciones din\u00e1micas<\/p>\n<\/li>\n<\/ul>\n<p class=\"p1\">SquidWeb garantiza que la comunicaci\u00f3n se mantenga coherente, auditable y f\u00e1cil de gestionar \u2014 sin aumentar la complejidad.<\/p>\n<\/div><\/section>\n<\/p>\n","protected":false},"excerpt":{"rendered":"","protected":false},"author":109,"featured_media":0,"parent":3294,"menu_order":0,"comment_status":"closed","ping_status":"closed","template":"","meta":{"footnotes":""},"class_list":["post-3683","page","type-page","status-publish","hentry"],"yoast_head":"<!-- This site is optimized with the Yoast SEO plugin v26.1.1 - https:\/\/yoast.com\/wordpress\/plugins\/seo\/ -->\n<title>Comunicaci\u00f3n Automatizada de Equipos - SquidWeb<\/title>\n<meta name=\"robots\" content=\"index, follow, max-snippet:-1, max-image-preview:large, max-video-preview:-1\" \/>\n<link rel=\"canonical\" href=\"https:\/\/squidweb.biz\/es\/soluciones\/automated-crew-communication\/\" \/>\n<meta property=\"og:locale\" content=\"es_ES\" \/>\n<meta property=\"og:type\" content=\"article\" \/>\n<meta property=\"og:title\" content=\"Comunicaci\u00f3n Automatizada de Equipos - SquidWeb\" \/>\n<meta property=\"og:url\" content=\"https:\/\/squidweb.biz\/es\/soluciones\/automated-crew-communication\/\" \/>\n<meta property=\"og:site_name\" content=\"SquidWeb\" \/>\n<meta property=\"article:modified_time\" content=\"2026-03-02T15:05:18+00:00\" \/>\n<meta name=\"twitter:card\" content=\"summary_large_image\" \/>\n<meta name=\"twitter:label1\" content=\"Tiempo de lectura\" \/>\n\t<meta name=\"twitter:data1\" content=\"3 minutos\" \/>\n<script type=\"application\/ld+json\" class=\"yoast-schema-graph\">{\"@context\":\"https:\/\/schema.org\",\"@graph\":[{\"@type\":\"WebPage\",\"@id\":\"https:\/\/squidweb.biz\/es\/soluciones\/automated-crew-communication\/\",\"url\":\"https:\/\/squidweb.biz\/es\/soluciones\/automated-crew-communication\/\",\"name\":\"Comunicaci\u00f3n Automatizada de Equipos - SquidWeb\",\"isPartOf\":{\"@id\":\"https:\/\/squidweb.biz\/en\/#website\"},\"datePublished\":\"2026-02-04T13:50:21+00:00\",\"dateModified\":\"2026-03-02T15:05:18+00:00\",\"breadcrumb\":{\"@id\":\"https:\/\/squidweb.biz\/es\/soluciones\/automated-crew-communication\/#breadcrumb\"},\"inLanguage\":\"es\",\"potentialAction\":[{\"@type\":\"ReadAction\",\"target\":[\"https:\/\/squidweb.biz\/es\/soluciones\/automated-crew-communication\/\"]}]},{\"@type\":\"BreadcrumbList\",\"@id\":\"https:\/\/squidweb.biz\/es\/soluciones\/automated-crew-communication\/#breadcrumb\",\"itemListElement\":[{\"@type\":\"ListItem\",\"position\":1,\"name\":\"Home\",\"item\":\"https:\/\/squidweb.biz\/es\/home\/\"},{\"@type\":\"ListItem\",\"position\":2,\"name\":\"Soluciones\",\"item\":\"https:\/\/squidweb.biz\/es\/soluciones\/\"},{\"@type\":\"ListItem\",\"position\":3,\"name\":\"Comunicaci\u00f3n Automatizada de Equipos\"}]},{\"@type\":\"WebSite\",\"@id\":\"https:\/\/squidweb.biz\/en\/#website\",\"url\":\"https:\/\/squidweb.biz\/en\/\",\"name\":\"SquidWeb\",\"description\":\"Complete Personnel Management Software\",\"potentialAction\":[{\"@type\":\"SearchAction\",\"target\":{\"@type\":\"EntryPoint\",\"urlTemplate\":\"https:\/\/squidweb.biz\/en\/?s={search_term_string}\"},\"query-input\":{\"@type\":\"PropertyValueSpecification\",\"valueRequired\":true,\"valueName\":\"search_term_string\"}}],\"inLanguage\":\"es\"}]}<\/script>\n<!-- \/ Yoast SEO plugin. -->","yoast_head_json":{"title":"Comunicaci\u00f3n Automatizada de Equipos - SquidWeb","robots":{"index":"index","follow":"follow","max-snippet":"max-snippet:-1","max-image-preview":"max-image-preview:large","max-video-preview":"max-video-preview:-1"},"canonical":"https:\/\/squidweb.biz\/es\/soluciones\/automated-crew-communication\/","og_locale":"es_ES","og_type":"article","og_title":"Comunicaci\u00f3n Automatizada de Equipos - SquidWeb","og_url":"https:\/\/squidweb.biz\/es\/soluciones\/automated-crew-communication\/","og_site_name":"SquidWeb","article_modified_time":"2026-03-02T15:05:18+00:00","twitter_card":"summary_large_image","twitter_misc":{"Tiempo de lectura":"3 minutos"},"schema":{"@context":"https:\/\/schema.org","@graph":[{"@type":"WebPage","@id":"https:\/\/squidweb.biz\/es\/soluciones\/automated-crew-communication\/","url":"https:\/\/squidweb.biz\/es\/soluciones\/automated-crew-communication\/","name":"Comunicaci\u00f3n Automatizada de Equipos - SquidWeb","isPartOf":{"@id":"https:\/\/squidweb.biz\/en\/#website"},"datePublished":"2026-02-04T13:50:21+00:00","dateModified":"2026-03-02T15:05:18+00:00","breadcrumb":{"@id":"https:\/\/squidweb.biz\/es\/soluciones\/automated-crew-communication\/#breadcrumb"},"inLanguage":"es","potentialAction":[{"@type":"ReadAction","target":["https:\/\/squidweb.biz\/es\/soluciones\/automated-crew-communication\/"]}]},{"@type":"BreadcrumbList","@id":"https:\/\/squidweb.biz\/es\/soluciones\/automated-crew-communication\/#breadcrumb","itemListElement":[{"@type":"ListItem","position":1,"name":"Home","item":"https:\/\/squidweb.biz\/es\/home\/"},{"@type":"ListItem","position":2,"name":"Soluciones","item":"https:\/\/squidweb.biz\/es\/soluciones\/"},{"@type":"ListItem","position":3,"name":"Comunicaci\u00f3n Automatizada de Equipos"}]},{"@type":"WebSite","@id":"https:\/\/squidweb.biz\/en\/#website","url":"https:\/\/squidweb.biz\/en\/","name":"SquidWeb","description":"Complete Personnel Management Software","potentialAction":[{"@type":"SearchAction","target":{"@type":"EntryPoint","urlTemplate":"https:\/\/squidweb.biz\/en\/?s={search_term_string}"},"query-input":{"@type":"PropertyValueSpecification","valueRequired":true,"valueName":"search_term_string"}}],"inLanguage":"es"}]}},"_links":{"self":[{"href":"https:\/\/squidweb.biz\/es\/wp-json\/wp\/v2\/pages\/3683","targetHints":{"allow":["GET"]}}],"collection":[{"href":"https:\/\/squidweb.biz\/es\/wp-json\/wp\/v2\/pages"}],"about":[{"href":"https:\/\/squidweb.biz\/es\/wp-json\/wp\/v2\/types\/page"}],"author":[{"embeddable":true,"href":"https:\/\/squidweb.biz\/es\/wp-json\/wp\/v2\/users\/109"}],"replies":[{"embeddable":true,"href":"https:\/\/squidweb.biz\/es\/wp-json\/wp\/v2\/comments?post=3683"}],"version-history":[{"count":2,"href":"https:\/\/squidweb.biz\/es\/wp-json\/wp\/v2\/pages\/3683\/revisions"}],"predecessor-version":[{"id":3686,"href":"https:\/\/squidweb.biz\/es\/wp-json\/wp\/v2\/pages\/3683\/revisions\/3686"}],"up":[{"embeddable":true,"href":"https:\/\/squidweb.biz\/es\/wp-json\/wp\/v2\/pages\/3294"}],"wp:attachment":[{"href":"https:\/\/squidweb.biz\/es\/wp-json\/wp\/v2\/media?parent=3683"}],"curies":[{"name":"wp","href":"https:\/\/api.w.org\/{rel}","templated":true}]}}