{"id":3389,"date":"2025-10-21T10:39:22","date_gmt":"2025-10-21T08:39:22","guid":{"rendered":"https:\/\/squidweb.biz\/?page_id=3389"},"modified":"2025-10-21T12:19:01","modified_gmt":"2025-10-21T10:19:01","slug":"suite-para-clientes","status":"publish","type":"page","link":"https:\/\/squidweb.biz\/es\/soluciones\/suite-para-clientes\/","title":{"rendered":"Suite para clientes"},"content":{"rendered":"<div id='av_section_1'  class='avia-section av-33c4ql-21deec0b71b849efd2aceef7c6a05f3d alternate_color avia-section-default avia-no-border-styling  avia-builder-el-0  el_before_av_section  avia-builder-el-first  avia-bg-style-scroll container_wrap fullsize'  ><div class='container av-section-cont-open' ><main  role=\"main\" itemprop=\"mainContentOfPage\"  class='template-page content  av-content-full alpha units'><div class='post-entry post-entry-type-page post-entry-3389'><div class='entry-content-wrapper clearfix'>\n<section  class='av_textblock_section av-2u4rq5-b165a0a34e1a3318f71569db5095eb48 '   itemscope=\"itemscope\" itemtype=\"https:\/\/schema.org\/CreativeWork\" ><div class='avia_textblock'  itemprop=\"text\" ><h1 style=\"text-align: center;\"><strong>Planificador de personal<\/strong><\/h1>\n<\/div><\/section>\n<div class='flex_column_table av-r8cfb1-42b290ed52061b446bab220b80678195 sc-av_one_half av-equal-height-column-flextable'>\n<style type=\"text\/css\" data-created_by=\"avia_inline_auto\" id=\"style-css-av-r8cfb1-42b290ed52061b446bab220b80678195\">\n.flex_column.av-r8cfb1-42b290ed52061b446bab220b80678195{\nborder-radius:0px 0px 0px 0px;\npadding:50px 0px 0px 0px;\n}\n<\/style>\n<div  class='flex_column av-r8cfb1-42b290ed52061b446bab220b80678195 av_one_half  avia-builder-el-2  el_after_av_textblock  el_before_av_one_half  first flex_column_table_cell av-equal-height-column av-align-top  column-top-margin'     ><style type=\"text\/css\" data-created_by=\"avia_inline_auto\" id=\"style-css-av-q59bfx-e90f1105b6c633ead54b60e71e9ce5d6\">\n.avia-image-container.av-q59bfx-e90f1105b6c633ead54b60e71e9ce5d6 img.avia_image{\nbox-shadow:none;\n}\n.avia-image-container.av-q59bfx-e90f1105b6c633ead54b60e71e9ce5d6 .av-image-caption-overlay-center{\ncolor:#ffffff;\n}\n<\/style>\n<div  class='avia-image-container av-q59bfx-e90f1105b6c633ead54b60e71e9ce5d6 av-styling- avia-align-center  avia-builder-el-3  avia-builder-el-no-sibling '   itemprop=\"image\" itemscope=\"itemscope\" itemtype=\"https:\/\/schema.org\/ImageObject\" ><div class=\"avia-image-container-inner\"><div class=\"avia-image-overlay-wrap\"><img decoding=\"async\" fetchpriority=\"high\" class='wp-image-2281 avia-img-lazy-loading-not-2281 avia_image ' src=\"https:\/\/squidweb.biz\/wp-content\/uploads\/2021\/12\/Crew_planner_with_arrows_editable_02122021-1.gif\" alt='' title='Crew_planner_with_arrows_editable_02122021'  height=\"517\" width=\"800\"  itemprop=\"thumbnailUrl\"  \/><\/div><\/div><\/div><\/div><div class='av-flex-placeholder'><\/div>\n<style type=\"text\/css\" data-created_by=\"avia_inline_auto\" id=\"style-css-av-2c59jh-879a68801c8f5bbc72d5b255c1947147\">\n.flex_column.av-2c59jh-879a68801c8f5bbc72d5b255c1947147{\nborder-radius:0px 0px 0px 0px;\npadding:30px 0px 0px 0px;\n}\n<\/style>\n<div  class='flex_column av-2c59jh-879a68801c8f5bbc72d5b255c1947147 av_one_half  avia-builder-el-4  el_after_av_one_half  avia-builder-el-last  flex_column_table_cell av-equal-height-column av-align-top  column-top-margin'     ><section  class='av_textblock_section av-m7cv4d-6f13281e40387f7cf32bd3b34e89fcad '   itemscope=\"itemscope\" itemtype=\"https:\/\/schema.org\/CreativeWork\" ><div class='avia_textblock'  itemprop=\"text\" ><p><span style=\"font-weight: 400;\">Nuestra soluci\u00f3n de Crew Planner proporciona al cliente una visi\u00f3n completa de los miembros del equipo, sus funciones, la disponibilidad y los turnos reservados para cada proyecto, todo en un \u00fanico calendario.\u00a0<\/span><\/p>\n<p><span style=\"font-weight: 400;\">El cliente puede identificar de un vistazo c\u00f3mo est\u00e1 planificada la capacidad de su proyecto dentro del Crew Planner, qu\u00e9 miembros del equipo han realizado el check-in, para qu\u00e9 proyectos est\u00e1n asignados y el estado permanente de cada miembro del equipo.<\/span><\/p>\n<p><span style=\"font-weight: 400;\">Tambi\u00e9n ayuda al cliente a detectar problemas de manera r\u00e1pida, como reservas dobles o solicitudes pendientes de d\u00edas reservados por los miembros del equipo, e intervenir a tiempo para eliminar obst\u00e1culos.<\/span><\/p>\n<p><span style=\"font-weight: 400;\">Los proyectos pasados, presentes y futuros se encuentran todos dentro del Crew Planner, lo que permite al cliente tener una visi\u00f3n global y un control completo sobre todas las actividades.<\/span><\/p>\n<\/div><\/section><\/div><\/div><!--close column table wrapper. Autoclose: 1 --><\/div><\/div><\/main><!-- close content main element --><\/div><\/div><div id='av_section_2'  class='avia-section av-kcoj31-a06d99f62fdec305c8560f7d83b3559e main_color avia-section-default avia-no-border-styling  avia-builder-el-6  el_after_av_section  el_before_av_section  avia-bg-style-scroll container_wrap fullsize'  ><div class='container av-section-cont-open' ><div class='template-page content  av-content-full alpha units'><div class='post-entry post-entry-type-page post-entry-3389'><div class='entry-content-wrapper clearfix'>\n<section  class='av_textblock_section av-j6nyx9-83e953f74660245861545af1d80a57c5 '   itemscope=\"itemscope\" itemtype=\"https:\/\/schema.org\/CreativeWork\" ><div class='avia_textblock'  itemprop=\"text\" ><h1 style=\"text-align: center;\"><strong>Calendario de planificaci\u00f3n<\/strong><\/h1>\n<\/div><\/section>\n\n<style type=\"text\/css\" data-created_by=\"avia_inline_auto\" id=\"style-css-av-i558dp-c50e3e9ea81e13104f73f4501520c33d\">\n.flex_column.av-i558dp-c50e3e9ea81e13104f73f4501520c33d{\nborder-radius:0px 0px 0px 0px;\npadding:0px 0px 0px 0px;\n}\n<\/style>\n<div  class='flex_column av-i558dp-c50e3e9ea81e13104f73f4501520c33d av_one_half  avia-builder-el-8  el_after_av_textblock  el_before_av_one_half  first flex_column_div  column-top-margin'     ><section  class='av_textblock_section av-f31ywt-79b3cbfe029cbca5ffe46ffd6856e03c '   itemscope=\"itemscope\" itemtype=\"https:\/\/schema.org\/CreativeWork\" ><div class='avia_textblock'  itemprop=\"text\" ><p><span style=\"font-weight: 400;\">Nuestra soluci\u00f3n de calendario de planificaci\u00f3n permite al cliente tener una visi\u00f3n semanal de sus proyectos y de todos los elementos importantes asociados a ellos, como los check-ins de los miembros del equipo y el estado permanente de cada miembro.<\/span><\/p>\n<p><span style=\"font-weight: 400;\">El calendario de planificaci\u00f3n muestra si los miembros del equipo est\u00e1n confirmados para el trabajo para el que han sido asignados, cu\u00e1l es su funci\u00f3n exacta y en qu\u00e9 turnos est\u00e1n confirmados.<br \/>\n<\/span><\/p>\n<p><span style=\"font-weight: 400;\">Con el calendario de planificaci\u00f3n, el cliente puede tener la seguridad de que todas las partes de sus proyectos est\u00e1n bajo control y obtener una visi\u00f3n clara de c\u00f3mo avanzan sus proyectos.\u00a0<\/span><\/p>\n<\/div><\/section><\/div>\n<style type=\"text\/css\" data-created_by=\"avia_inline_auto\" id=\"style-css-av-ejrycd-1ce56ed0db4ab569bcd5ef1c8de464e3\">\n.flex_column.av-ejrycd-1ce56ed0db4ab569bcd5ef1c8de464e3{\nborder-radius:0px 0px 0px 0px;\npadding:0px 0px 0px 0px;\n}\n<\/style>\n<div  class='flex_column av-ejrycd-1ce56ed0db4ab569bcd5ef1c8de464e3 av_one_half  avia-builder-el-10  el_after_av_one_half  avia-builder-el-last  flex_column_div av-zero-column-padding  column-top-margin'     ><style type=\"text\/css\" data-created_by=\"avia_inline_auto\" id=\"style-css-av-cn8qwd-4b3bf9b21c077a9133123c1518c03a99\">\n.avia-image-container.av-cn8qwd-4b3bf9b21c077a9133123c1518c03a99 img.avia_image{\nbox-shadow:none;\n}\n.avia-image-container.av-cn8qwd-4b3bf9b21c077a9133123c1518c03a99 .av-image-caption-overlay-center{\ncolor:#ffffff;\n}\n<\/style>\n<div  class='avia-image-container av-cn8qwd-4b3bf9b21c077a9133123c1518c03a99 av-styling- avia-align-right  avia-builder-el-11  avia-builder-el-no-sibling '   itemprop=\"image\" itemscope=\"itemscope\" itemtype=\"https:\/\/schema.org\/ImageObject\" ><div class=\"avia-image-container-inner\"><div class=\"avia-image-overlay-wrap\"><img decoding=\"async\" fetchpriority=\"high\" class='wp-image-2284 avia-img-lazy-loading-not-2284 avia_image ' src=\"https:\/\/squidweb.biz\/wp-content\/uploads\/2021\/12\/Camtasia_planning_calendar_final.gif\" alt='' title='Camtasia_planning_calendar_final'  height=\"482\" width=\"800\"  itemprop=\"thumbnailUrl\"  \/><\/div><\/div><\/div><\/div><\/div><\/div><\/div><!-- close content main div --><\/div><\/div><div id='av_section_3'  class='avia-section av-b4haod-e6370244520a7d48aa68cc72e8d3fff7 alternate_color avia-section-default avia-no-border-styling  avia-builder-el-12  el_after_av_section  avia-builder-el-last  avia-bg-style-scroll container_wrap fullsize'  ><div class='container av-section-cont-open' ><div class='template-page content  av-content-full alpha units'><div class='post-entry post-entry-type-page post-entry-3389'><div class='entry-content-wrapper clearfix'>\n<section  class='av_textblock_section av-9667ul-ffc15ba537b6cda2ca6e22dad66c3122 '   itemscope=\"itemscope\" itemtype=\"https:\/\/schema.org\/CreativeWork\" ><div class='avia_textblock'  itemprop=\"text\" ><h1 style=\"text-align: center;\"><strong>Lista de elementos del equipo de planificaci\u00f3n<\/strong><\/h1>\n<\/div><\/section>\n\n<style type=\"text\/css\" data-created_by=\"avia_inline_auto\" id=\"style-css-av-83bgwt-2b640b7e8fbec752d78f68a9c0f90994\">\n.flex_column.av-83bgwt-2b640b7e8fbec752d78f68a9c0f90994{\nborder-radius:0px 0px 0px 0px;\npadding:0px 0px 0px 0px;\n}\n<\/style>\n<div  class='flex_column av-83bgwt-2b640b7e8fbec752d78f68a9c0f90994 av_one_half  avia-builder-el-14  el_after_av_textblock  el_before_av_one_half  first flex_column_div av-zero-column-padding  column-top-margin'     ><style type=\"text\/css\" data-created_by=\"avia_inline_auto\" id=\"style-css-av-6l03e5-e8e339302a2628b850eadb64ca4fc143\">\n.avia-image-container.av-6l03e5-e8e339302a2628b850eadb64ca4fc143 img.avia_image{\nbox-shadow:none;\n}\n.avia-image-container.av-6l03e5-e8e339302a2628b850eadb64ca4fc143 .av-image-caption-overlay-center{\ncolor:#ffffff;\n}\n<\/style>\n<div  class='avia-image-container av-6l03e5-e8e339302a2628b850eadb64ca4fc143 av-styling- avia-align-center  avia-builder-el-15  avia-builder-el-no-sibling '   itemprop=\"image\" itemscope=\"itemscope\" itemtype=\"https:\/\/schema.org\/ImageObject\" ><div class=\"avia-image-container-inner\"><div class=\"avia-image-overlay-wrap\"><img decoding=\"async\" fetchpriority=\"high\" class='wp-image-2201 avia-img-lazy-loading-not-2201 avia_image ' src=\"https:\/\/squidweb.biz\/wp-content\/uploads\/2021\/11\/Planning_crew_item_list_new.gif\" alt='' title='Planning_crew_item_list_new'  height=\"666\" width=\"1083\"  itemprop=\"thumbnailUrl\"  \/><\/div><\/div><\/div><\/div>\n<style type=\"text\/css\" data-created_by=\"avia_inline_auto\" id=\"style-css-av-4a1ze5-c3e2baec79daca6e680c823ed3cd2926\">\n.flex_column.av-4a1ze5-c3e2baec79daca6e680c823ed3cd2926{\nborder-radius:0px 0px 0px 0px;\npadding:0px 0px 0px 0px;\n}\n<\/style>\n<div  class='flex_column av-4a1ze5-c3e2baec79daca6e680c823ed3cd2926 av_one_half  avia-builder-el-16  el_after_av_one_half  avia-builder-el-last  flex_column_div  column-top-margin'     ><section  class='av_textblock_section av-2olv8d-d6cd2facbb0bc487c4eb93b29f15b93c '   itemscope=\"itemscope\" itemtype=\"https:\/\/schema.org\/CreativeWork\" ><div class='avia_textblock'  itemprop=\"text\" ><p><span style=\"font-weight: 400;\">El ciclo de vida de un proyecto no se completa sin tener una visi\u00f3n general de las finanzas relacionadas con los recursos implicados, y la lista de elementos del equipo de planificaci\u00f3n proporciona precisamente eso.<\/span><\/p>\n<p><span style=\"font-weight: 400;\">La lista de elementos del equipo de planificaci\u00f3n muestra todos los proyectos del cliente junto con los miembros del equipo asignados, los turnos reservados, las funciones y las tarifas por hora de cada miembro.<\/span><\/p>\n<p><span style=\"font-weight: 400;\">En una \u00fanica tarjeta principal, el cliente puede comprender r\u00e1pidamente el coste total de recursos humanos de su proyecto, sin necesidad de revisar numerosos documentos.<\/span><\/p>\n<p><span style=\"font-weight: 400;\">Este aumento de eficiencia permite a nuestros clientes dedicar su tiempo a otras actividades y centrarse en la finalizaci\u00f3n del proyecto.<\/span><\/p>\n<\/div><\/section><\/div><\/p>\n","protected":false},"excerpt":{"rendered":"","protected":false},"author":100,"featured_media":0,"parent":3294,"menu_order":0,"comment_status":"closed","ping_status":"closed","template":"","meta":{"footnotes":""},"class_list":["post-3389","page","type-page","status-publish","hentry"],"yoast_head":"<!-- This site is optimized with the Yoast SEO plugin v26.1.1 - https:\/\/yoast.com\/wordpress\/plugins\/seo\/ -->\n<title>Suite para clientes - SquidWeb<\/title>\n<meta name=\"robots\" content=\"index, follow, max-snippet:-1, max-image-preview:large, max-video-preview:-1\" \/>\n<link rel=\"canonical\" href=\"https:\/\/squidweb.biz\/es\/soluciones\/suite-para-clientes\/\" \/>\n<meta property=\"og:locale\" content=\"es_ES\" \/>\n<meta property=\"og:type\" content=\"article\" \/>\n<meta property=\"og:title\" content=\"Suite para clientes - SquidWeb\" \/>\n<meta property=\"og:url\" content=\"https:\/\/squidweb.biz\/es\/soluciones\/suite-para-clientes\/\" \/>\n<meta property=\"og:site_name\" content=\"SquidWeb\" \/>\n<meta property=\"article:modified_time\" content=\"2025-10-21T10:19:01+00:00\" \/>\n<meta name=\"twitter:card\" content=\"summary_large_image\" \/>\n<meta name=\"twitter:label1\" content=\"Tiempo de lectura\" \/>\n\t<meta name=\"twitter:data1\" content=\"3 minutos\" \/>\n<script type=\"application\/ld+json\" class=\"yoast-schema-graph\">{\"@context\":\"https:\/\/schema.org\",\"@graph\":[{\"@type\":\"WebPage\",\"@id\":\"https:\/\/squidweb.biz\/es\/soluciones\/suite-para-clientes\/\",\"url\":\"https:\/\/squidweb.biz\/es\/soluciones\/suite-para-clientes\/\",\"name\":\"Suite para clientes - SquidWeb\",\"isPartOf\":{\"@id\":\"https:\/\/squidweb.biz\/en\/#website\"},\"datePublished\":\"2025-10-21T08:39:22+00:00\",\"dateModified\":\"2025-10-21T10:19:01+00:00\",\"breadcrumb\":{\"@id\":\"https:\/\/squidweb.biz\/es\/soluciones\/suite-para-clientes\/#breadcrumb\"},\"inLanguage\":\"es\",\"potentialAction\":[{\"@type\":\"ReadAction\",\"target\":[\"https:\/\/squidweb.biz\/es\/soluciones\/suite-para-clientes\/\"]}]},{\"@type\":\"BreadcrumbList\",\"@id\":\"https:\/\/squidweb.biz\/es\/soluciones\/suite-para-clientes\/#breadcrumb\",\"itemListElement\":[{\"@type\":\"ListItem\",\"position\":1,\"name\":\"Home\",\"item\":\"https:\/\/squidweb.biz\/es\/home\/\"},{\"@type\":\"ListItem\",\"position\":2,\"name\":\"Soluciones\",\"item\":\"https:\/\/squidweb.biz\/es\/soluciones\/\"},{\"@type\":\"ListItem\",\"position\":3,\"name\":\"Suite para clientes\"}]},{\"@type\":\"WebSite\",\"@id\":\"https:\/\/squidweb.biz\/en\/#website\",\"url\":\"https:\/\/squidweb.biz\/en\/\",\"name\":\"SquidWeb\",\"description\":\"Complete Personnel Management Software\",\"potentialAction\":[{\"@type\":\"SearchAction\",\"target\":{\"@type\":\"EntryPoint\",\"urlTemplate\":\"https:\/\/squidweb.biz\/en\/?s={search_term_string}\"},\"query-input\":{\"@type\":\"PropertyValueSpecification\",\"valueRequired\":true,\"valueName\":\"search_term_string\"}}],\"inLanguage\":\"es\"}]}<\/script>\n<!-- \/ Yoast SEO plugin. -->","yoast_head_json":{"title":"Suite para clientes - SquidWeb","robots":{"index":"index","follow":"follow","max-snippet":"max-snippet:-1","max-image-preview":"max-image-preview:large","max-video-preview":"max-video-preview:-1"},"canonical":"https:\/\/squidweb.biz\/es\/soluciones\/suite-para-clientes\/","og_locale":"es_ES","og_type":"article","og_title":"Suite para clientes - SquidWeb","og_url":"https:\/\/squidweb.biz\/es\/soluciones\/suite-para-clientes\/","og_site_name":"SquidWeb","article_modified_time":"2025-10-21T10:19:01+00:00","twitter_card":"summary_large_image","twitter_misc":{"Tiempo de lectura":"3 minutos"},"schema":{"@context":"https:\/\/schema.org","@graph":[{"@type":"WebPage","@id":"https:\/\/squidweb.biz\/es\/soluciones\/suite-para-clientes\/","url":"https:\/\/squidweb.biz\/es\/soluciones\/suite-para-clientes\/","name":"Suite para clientes - SquidWeb","isPartOf":{"@id":"https:\/\/squidweb.biz\/en\/#website"},"datePublished":"2025-10-21T08:39:22+00:00","dateModified":"2025-10-21T10:19:01+00:00","breadcrumb":{"@id":"https:\/\/squidweb.biz\/es\/soluciones\/suite-para-clientes\/#breadcrumb"},"inLanguage":"es","potentialAction":[{"@type":"ReadAction","target":["https:\/\/squidweb.biz\/es\/soluciones\/suite-para-clientes\/"]}]},{"@type":"BreadcrumbList","@id":"https:\/\/squidweb.biz\/es\/soluciones\/suite-para-clientes\/#breadcrumb","itemListElement":[{"@type":"ListItem","position":1,"name":"Home","item":"https:\/\/squidweb.biz\/es\/home\/"},{"@type":"ListItem","position":2,"name":"Soluciones","item":"https:\/\/squidweb.biz\/es\/soluciones\/"},{"@type":"ListItem","position":3,"name":"Suite para clientes"}]},{"@type":"WebSite","@id":"https:\/\/squidweb.biz\/en\/#website","url":"https:\/\/squidweb.biz\/en\/","name":"SquidWeb","description":"Complete Personnel Management Software","potentialAction":[{"@type":"SearchAction","target":{"@type":"EntryPoint","urlTemplate":"https:\/\/squidweb.biz\/en\/?s={search_term_string}"},"query-input":{"@type":"PropertyValueSpecification","valueRequired":true,"valueName":"search_term_string"}}],"inLanguage":"es"}]}},"_links":{"self":[{"href":"https:\/\/squidweb.biz\/es\/wp-json\/wp\/v2\/pages\/3389","targetHints":{"allow":["GET"]}}],"collection":[{"href":"https:\/\/squidweb.biz\/es\/wp-json\/wp\/v2\/pages"}],"about":[{"href":"https:\/\/squidweb.biz\/es\/wp-json\/wp\/v2\/types\/page"}],"author":[{"embeddable":true,"href":"https:\/\/squidweb.biz\/es\/wp-json\/wp\/v2\/users\/100"}],"replies":[{"embeddable":true,"href":"https:\/\/squidweb.biz\/es\/wp-json\/wp\/v2\/comments?post=3389"}],"version-history":[{"count":8,"href":"https:\/\/squidweb.biz\/es\/wp-json\/wp\/v2\/pages\/3389\/revisions"}],"predecessor-version":[{"id":3421,"href":"https:\/\/squidweb.biz\/es\/wp-json\/wp\/v2\/pages\/3389\/revisions\/3421"}],"up":[{"embeddable":true,"href":"https:\/\/squidweb.biz\/es\/wp-json\/wp\/v2\/pages\/3294"}],"wp:attachment":[{"href":"https:\/\/squidweb.biz\/es\/wp-json\/wp\/v2\/media?parent=3389"}],"curies":[{"name":"wp","href":"https:\/\/api.w.org\/{rel}","templated":true}]}}