{"id":3386,"date":"2025-10-21T10:37:59","date_gmt":"2025-10-21T08:37:59","guid":{"rendered":"https:\/\/squidweb.biz\/?page_id=3386"},"modified":"2025-10-21T12:06:37","modified_gmt":"2025-10-21T10:06:37","slug":"atencion-al-cliente","status":"publish","type":"page","link":"https:\/\/squidweb.biz\/es\/soluciones\/atencion-al-cliente\/","title":{"rendered":"Atenci\u00f3n al cliente"},"content":{"rendered":"<div id='av_section_1'  class='avia-section av-uy3gcq-70cb41a7d08f57cb6397660a1411d972 alternate_color avia-section-default avia-no-border-styling  avia-builder-el-0  el_before_av_section  avia-builder-el-first  avia-bg-style-scroll container_wrap fullsize'  ><div class='container av-section-cont-open' ><main  role=\"main\" itemprop=\"mainContentOfPage\"  class='template-page content  av-content-full alpha units'><div class='post-entry post-entry-type-page post-entry-3386'><div class='entry-content-wrapper clearfix'>\n<section  class='av_textblock_section av-spapui-c44aa0582b71d7528fffe61ef6e40211 '   itemscope=\"itemscope\" itemtype=\"https:\/\/schema.org\/CreativeWork\" ><div class='avia_textblock'  itemprop=\"text\" ><h1 style=\"text-align: center;\">Recordatorio automatizado de atenci\u00f3n al cliente<\/h1>\n<\/div><\/section>\n<div class='flex_column_table av-rbdb22-326bac5f92e69ab146c44f7867ed64e3 sc-av_one_fourth av-equal-height-column-flextable'>\n<style type=\"text\/css\" data-created_by=\"avia_inline_auto\" id=\"style-css-av-rbdb22-326bac5f92e69ab146c44f7867ed64e3\">\n.flex_column.av-rbdb22-326bac5f92e69ab146c44f7867ed64e3{\nborder-radius:0px 0px 0px 0px;\npadding:0px 0px 0px 0px;\n}\n<\/style>\n<div  class='flex_column av-rbdb22-326bac5f92e69ab146c44f7867ed64e3 av_one_fourth  avia-builder-el-2  el_after_av_textblock  el_before_av_three_fourth  first flex_column_table_cell av-equal-height-column av-align-top av-zero-column-padding  column-top-margin'     ><style type=\"text\/css\" data-created_by=\"avia_inline_auto\" id=\"style-css-av-2iqqx6-48c4f13fc45b38fed0279720d248aae4\">\n.avia-image-container.av-2iqqx6-48c4f13fc45b38fed0279720d248aae4 img.avia_image{\nbox-shadow:none;\n}\n.avia-image-container.av-2iqqx6-48c4f13fc45b38fed0279720d248aae4 .av-image-caption-overlay-center{\ncolor:#ffffff;\n}\n<\/style>\n<div  class='avia-image-container av-2iqqx6-48c4f13fc45b38fed0279720d248aae4 av-styling- avia-align-center  avia-builder-el-3  avia-builder-el-no-sibling '   itemprop=\"image\" itemscope=\"itemscope\" itemtype=\"https:\/\/schema.org\/ImageObject\" ><div class=\"avia-image-container-inner\"><div class=\"avia-image-overlay-wrap\"><img decoding=\"async\" fetchpriority=\"high\" class='wp-image-2064 avia-img-lazy-loading-not-2064 avia_image ' src=\"https:\/\/squidweb.biz\/wp-content\/uploads\/2021\/06\/Sales.gif\" alt='' title='Sales'  height=\"381\" width=\"292\"  itemprop=\"thumbnailUrl\"  \/><\/div><\/div><\/div><\/div><div class='av-flex-placeholder'><\/div>\n<style type=\"text\/css\" data-created_by=\"avia_inline_auto\" id=\"style-css-av-obbch6-4b6e505144ca3eff25af47b727283e77\">\n.flex_column.av-obbch6-4b6e505144ca3eff25af47b727283e77{\nborder-radius:0px 0px 0px 0px;\npadding:30px 0px 0px 0px;\n}\n<\/style>\n<div  class='flex_column av-obbch6-4b6e505144ca3eff25af47b727283e77 av_three_fourth  avia-builder-el-4  el_after_av_one_fourth  avia-builder-el-last  flex_column_table_cell av-equal-height-column av-align-top  column-top-margin'     ><section  class='av_textblock_section av-mlb1tm-b4032fc20dd60611c119dc6e52b1df23 '   itemscope=\"itemscope\" itemtype=\"https:\/\/schema.org\/CreativeWork\" ><div class='avia_textblock'  itemprop=\"text\" ><p style=\"text-align: left;\">Se recuerda a los miembros del equipo de ventas que contacten a los clientes de manera regular para mantener una buena relaci\u00f3n comercial y fomentar la repetici\u00f3n de negocios. Si un cliente no ha estado en contacto con la empresa en los \u00faltimos <strong>6 meses<\/strong>, un miembro del equipo de ventas se comunicar\u00e1 con \u00e9l para verificar si necesita alg\u00fan servicio adicional.<\/p>\n<p>El <strong>recordatorio de seguimiento de clientes<\/strong> rayuda a automatizar este proceso comprobando en el sistema todos los clientes que han estado inactivos, creando una actividad ToDo para el equipo de ventas y enviando un mensaje a su canal de SquidWeb Messenger.<\/p>\n<\/div><\/section><\/div><\/div><!--close column table wrapper. Autoclose: 1 --><\/div><\/div><\/main><!-- close content main element --><\/div><\/div><div id='av_section_2'  class='avia-section av-kcto9m-03bf14dd4d70c996f6c6425c8b8daf35 main_color avia-section-default avia-no-border-styling  avia-builder-el-6  el_after_av_section  el_before_av_section  avia-bg-style-scroll container_wrap fullsize'  ><div class='container av-section-cont-open' ><div class='template-page content  av-content-full alpha units'><div class='post-entry post-entry-type-page post-entry-3386'><div class='entry-content-wrapper clearfix'>\n<section  class='av_textblock_section av-id6dbu-0fa756fb9716e7debf0bac4fbb6098b1 '   itemscope=\"itemscope\" itemtype=\"https:\/\/schema.org\/CreativeWork\" ><div class='avia_textblock'  itemprop=\"text\" ><h2 style=\"text-align: center;\">Recordatorios de seguimiento de clientes<\/h2>\n<\/div><\/section>\n\n<style type=\"text\/css\" data-created_by=\"avia_inline_auto\" id=\"style-css-av-gzmod6-87210fd239c834b7f5eb11307c19d184\">\n.flex_column.av-gzmod6-87210fd239c834b7f5eb11307c19d184{\nborder-radius:0px 0px 0px 0px;\npadding:0px 0px 0px 0px;\n}\n<\/style>\n<div  class='flex_column av-gzmod6-87210fd239c834b7f5eb11307c19d184 av_three_fifth  avia-builder-el-8  el_after_av_textblock  el_before_av_one_third  first flex_column_div  column-top-margin'     ><section  class='av_textblock_section av-fjfth6-5dd75a2f27b4503db9ad7c0e1a00aae5 '   itemscope=\"itemscope\" itemtype=\"https:\/\/schema.org\/CreativeWork\" ><div class='avia_textblock'  itemprop=\"text\" ><p>A veces, los clientes ocasionales pueden perderse y con ellos posibles negocios recurrentes. Para ayudarnos a mantener el mayor n\u00famero de clientes posible, configuramos robots que programan llamadas de seguimiento para nuestro equipo de ventas.<br \/>\nSquidWeb comenz\u00f3 como una herramienta CRM para ayudar a los miembros del equipo a <strong>mantener contacto regular <\/strong> con los clientes dentro de la industria de eventos. Como muchas herramientas CRM, el sistema original ofrec\u00eda al equipo una visi\u00f3n general de qu\u00e9 clientes hab\u00edan sido contactados recientemente y a cu\u00e1les deb\u00eda dirigirse a continuaci\u00f3n. Sin embargo, esto a\u00fan requer\u00eda ingreso manual de datos, tiempo y atenci\u00f3n para asegurarse de que cada cliente estuviera correctamente marcado como contactado o no, y para realizar el seguimiento sin mucho apoyo del sistema.<\/p>\n<p>El <strong>robot de recordatorios de seguimiento de clientes<\/strong>automatiza gran parte de este proceso al proporcionar al equipo de ventas una lista concisa de los clientes que deben ser contactados regularmente.<\/p>\n<p>Los recordatorios se entregan de dos maneras: primero, se env\u00eda un mensaje <strong> al canal de SquidWeb Messenger <\/strong>del equipo de ventas, donde se listan todos los clientes que no han sido contactados y se incluyen enlaces directos a la p\u00e1gina de contacto de cada uno en SquidWeb. De este modo, el miembro del equipo puede acceder instant\u00e1neamente a cada cliente potencial y comenzar el proceso de contacto. En segundo lugar, se a\u00f1ade una actividad ToDo a la p\u00e1gina \u201cHoy\u201d del equipo de ventas, recordando a los miembros del equipo cada cliente que necesita ser contactado. El ToDo tambi\u00e9n est\u00e1 vinculado a la p\u00e1gina de contacto para que el proceso de seguimiento sea lo m\u00e1s f\u00e1cil posible para nuestro equipo.<\/p>\n<\/div><\/section><\/div>\n<style type=\"text\/css\" data-created_by=\"avia_inline_auto\" id=\"style-css-av-ebiggq-1857347970610c5283a6305eec720a8e\">\n.flex_column.av-ebiggq-1857347970610c5283a6305eec720a8e{\nborder-radius:0px 0px 0px 0px;\npadding:0px 0px 0px 0px;\n}\n<\/style>\n<div  class='flex_column av-ebiggq-1857347970610c5283a6305eec720a8e av_one_third  avia-builder-el-10  el_after_av_three_fifth  el_before_av_one_full  flex_column_div av-zero-column-padding  column-top-margin'     ><style type=\"text\/css\" data-created_by=\"avia_inline_auto\" id=\"style-css-av-c4rvpm-b7e0b44a280fa60a2bfe8ab9f86587f7\">\n.avia-image-container.av-c4rvpm-b7e0b44a280fa60a2bfe8ab9f86587f7 img.avia_image{\nbox-shadow:none;\n}\n.avia-image-container.av-c4rvpm-b7e0b44a280fa60a2bfe8ab9f86587f7 .av-image-caption-overlay-center{\ncolor:#ffffff;\n}\n<\/style>\n<div  class='avia-image-container av-c4rvpm-b7e0b44a280fa60a2bfe8ab9f86587f7 av-styling- avia-align-right  avia-builder-el-11  avia-builder-el-no-sibling '   itemprop=\"image\" itemscope=\"itemscope\" itemtype=\"https:\/\/schema.org\/ImageObject\" ><div class=\"avia-image-container-inner\"><div class=\"avia-image-overlay-wrap\"><img decoding=\"async\" fetchpriority=\"high\" class='wp-image-2068 avia-img-lazy-loading-not-2068 avia_image ' src=\"https:\/\/squidweb.biz\/wp-content\/uploads\/2021\/06\/linkedin-sales-solutions-EI50ZDA-l8Y-unsplash-687x1030.jpg\" alt='' title='linkedin-sales-solutions-EI50ZDA-l8Y-unsplash'  height=\"1030\" width=\"687\"  itemprop=\"thumbnailUrl\" srcset=\"https:\/\/squidweb.biz\/wp-content\/uploads\/2021\/06\/linkedin-sales-solutions-EI50ZDA-l8Y-unsplash-687x1030.jpg 687w, https:\/\/squidweb.biz\/wp-content\/uploads\/2021\/06\/linkedin-sales-solutions-EI50ZDA-l8Y-unsplash-200x300.jpg 200w, https:\/\/squidweb.biz\/wp-content\/uploads\/2021\/06\/linkedin-sales-solutions-EI50ZDA-l8Y-unsplash-768x1152.jpg 768w, https:\/\/squidweb.biz\/wp-content\/uploads\/2021\/06\/linkedin-sales-solutions-EI50ZDA-l8Y-unsplash-1024x1536.jpg 1024w, https:\/\/squidweb.biz\/wp-content\/uploads\/2021\/06\/linkedin-sales-solutions-EI50ZDA-l8Y-unsplash-1365x2048.jpg 1365w, https:\/\/squidweb.biz\/wp-content\/uploads\/2021\/06\/linkedin-sales-solutions-EI50ZDA-l8Y-unsplash-1000x1500.jpg 1000w, https:\/\/squidweb.biz\/wp-content\/uploads\/2021\/06\/linkedin-sales-solutions-EI50ZDA-l8Y-unsplash-470x705.jpg 470w, https:\/\/squidweb.biz\/wp-content\/uploads\/2021\/06\/linkedin-sales-solutions-EI50ZDA-l8Y-unsplash-scaled.jpg 1707w\" sizes=\"(max-width: 687px) 100vw, 687px\" \/><\/div><\/div><\/div><\/div>\n<style type=\"text\/css\" data-created_by=\"avia_inline_auto\" id=\"style-css-av-ao0g2y-bc68b95bf8dc6a60a63ff0c1807e5259\">\n.flex_column.av-ao0g2y-bc68b95bf8dc6a60a63ff0c1807e5259{\nborder-radius:0px 0px 0px 0px;\npadding:0px 0px 0px 0px;\n}\n<\/style>\n<div  class='flex_column av-ao0g2y-bc68b95bf8dc6a60a63ff0c1807e5259 av_one_full  avia-builder-el-12  el_after_av_one_third  avia-builder-el-last  first no_margin flex_column_div av-zero-column-padding  column-top-margin'     ><section  class='av_textblock_section av-8zyo0a-f74909f5fd040b431a1e637a16defe9e '   itemscope=\"itemscope\" itemtype=\"https:\/\/schema.org\/CreativeWork\" ><div class='avia_textblock'  itemprop=\"text\" ><p>El robot revisar\u00e1 la base de datos para identificar todos los clientes que no hayan sido contactados en los \u00faltimos <strong> 6 meses <\/strong> y presentar\u00e1 estos clientes al equipo de ventas. El per\u00edodo de 6 meses puede <strong>ajustarse <\/strong> tseg\u00fan los objetivos espec\u00edficos de contacto de tu empresa.<br \/>\nLos intervalos en los que se activa el robot tambi\u00e9n son personalizados: nuestro robot predeterminado se activa cada 2 meses e incluye a todos los clientes que hayan superado el umbral de 6 meses, pero puedes configurar un plazo m\u00e1s largo o m\u00e1s corto seg\u00fan tus necesidades.<\/p>\n<\/div><\/section><\/div><\/div><\/div><\/div><!-- close content main div --><\/div><\/div><div id='av_section_3'  class='avia-section av-6staui-bac111a849e5da6f4d9a0501cdfd7ff3 alternate_color avia-section-default avia-no-border-styling  avia-builder-el-14  el_after_av_section  avia-builder-el-last  avia-bg-style-scroll container_wrap fullsize'  ><div class='container av-section-cont-open' ><div class='template-page content  av-content-full alpha units'><div class='post-entry post-entry-type-page post-entry-3386'><div class='entry-content-wrapper clearfix'>\n<section  class='av_textblock_section av-5gph62-865cb68fed15ba4f3a77f3381ed490e8 '   itemscope=\"itemscope\" itemtype=\"https:\/\/schema.org\/CreativeWork\" ><div class='avia_textblock'  itemprop=\"text\" ><h2 style=\"text-align: center;\">Automatizaci\u00f3n del contacto con clientes<\/h2>\n<\/div><\/section>\n\n<style type=\"text\/css\" data-created_by=\"avia_inline_auto\" id=\"style-css-av-4u72sa-28da36b9b975742974040465d2049f8b\">\n.flex_column.av-4u72sa-28da36b9b975742974040465d2049f8b{\nborder-radius:0px 0px 0px 0px;\npadding:0px 0px 0px 0px;\n}\n<\/style>\n<div  class='flex_column av-4u72sa-28da36b9b975742974040465d2049f8b av_one_full  avia-builder-el-16  el_after_av_textblock  avia-builder-el-last  first flex_column_div  column-top-margin'     ><section  class='av_textblock_section av-15v8q-0be6df26d95e6feafb9bbf64d9ddee43 '   itemscope=\"itemscope\" itemtype=\"https:\/\/schema.org\/CreativeWork\" ><div class='avia_textblock'  itemprop=\"text\" ><p>Los recordatorios de atenci\u00f3n al cliente son una excelente herramienta para que nuestro equipo mantenga el contacto con los clientes y fomente al m\u00e1ximo la fidelizaci\u00f3n, pero no todas las empresas cuentan con la capacidad de contactar a todos sus clientes anteriores, o en algunos casos una llamada no es posible. Para ayudar con esto, nuestros robots tambi\u00e9n pueden <strong>enviar correos electr\u00f3nicos de seguimiento de manera autom\u00e1tica. <\/strong>Utilizamos el mismo proceso de b\u00fasqueda en nuestra base de datos de clientes que no han sido contactados en cierto tiempo, pero en lugar de enviar un mensaje de recordatorio al equipo de ventas, se env\u00eda <strong>autom\u00e1ticamente <\/strong> un correo electr\u00f3nico al(los) cliente(s).<\/p>\n<p>El correo electr\u00f3nico se dise\u00f1a y redacta previamente y se carga como una plantilla, lo que permite que el mensaje siga siendo personalizado: los nombres se reemplazan por los del contacto correspondiente y se puede contactar a un n\u00famero ilimitado de clientes en una sola acci\u00f3n.<\/p>\n<p>Estos son solo algunos ejemplos de c\u00f3mo nuestro proceso automatizado de atenci\u00f3n al cliente est\u00e1 resolviendo el problema de seguimiento. Con la introducci\u00f3n de boletines peri\u00f3dicos y la automatizaci\u00f3n de la programaci\u00f3n de reuniones, somos capaces de ofrecer una soluci\u00f3n integral para la gesti\u00f3n de clientes.<\/p>\n<\/div><\/section><\/div><\/p>\n","protected":false},"excerpt":{"rendered":"","protected":false},"author":100,"featured_media":0,"parent":3294,"menu_order":0,"comment_status":"closed","ping_status":"closed","template":"","meta":{"footnotes":""},"class_list":["post-3386","page","type-page","status-publish","hentry"],"yoast_head":"<!-- This site is optimized with the Yoast SEO plugin v26.1.1 - https:\/\/yoast.com\/wordpress\/plugins\/seo\/ -->\n<title>Atenci\u00f3n al cliente - SquidWeb<\/title>\n<meta name=\"robots\" content=\"index, follow, max-snippet:-1, max-image-preview:large, max-video-preview:-1\" \/>\n<link rel=\"canonical\" href=\"https:\/\/squidweb.biz\/es\/soluciones\/atencion-al-cliente\/\" \/>\n<meta property=\"og:locale\" content=\"es_ES\" \/>\n<meta property=\"og:type\" content=\"article\" \/>\n<meta property=\"og:title\" content=\"Atenci\u00f3n al cliente - SquidWeb\" \/>\n<meta property=\"og:url\" content=\"https:\/\/squidweb.biz\/es\/soluciones\/atencion-al-cliente\/\" \/>\n<meta property=\"og:site_name\" content=\"SquidWeb\" \/>\n<meta property=\"article:modified_time\" content=\"2025-10-21T10:06:37+00:00\" \/>\n<meta name=\"twitter:card\" content=\"summary_large_image\" \/>\n<meta name=\"twitter:label1\" content=\"Tiempo de lectura\" \/>\n\t<meta name=\"twitter:data1\" content=\"4 minutos\" \/>\n<script type=\"application\/ld+json\" class=\"yoast-schema-graph\">{\"@context\":\"https:\/\/schema.org\",\"@graph\":[{\"@type\":\"WebPage\",\"@id\":\"https:\/\/squidweb.biz\/es\/soluciones\/atencion-al-cliente\/\",\"url\":\"https:\/\/squidweb.biz\/es\/soluciones\/atencion-al-cliente\/\",\"name\":\"Atenci\u00f3n al cliente - SquidWeb\",\"isPartOf\":{\"@id\":\"https:\/\/squidweb.biz\/en\/#website\"},\"datePublished\":\"2025-10-21T08:37:59+00:00\",\"dateModified\":\"2025-10-21T10:06:37+00:00\",\"breadcrumb\":{\"@id\":\"https:\/\/squidweb.biz\/es\/soluciones\/atencion-al-cliente\/#breadcrumb\"},\"inLanguage\":\"es\",\"potentialAction\":[{\"@type\":\"ReadAction\",\"target\":[\"https:\/\/squidweb.biz\/es\/soluciones\/atencion-al-cliente\/\"]}]},{\"@type\":\"BreadcrumbList\",\"@id\":\"https:\/\/squidweb.biz\/es\/soluciones\/atencion-al-cliente\/#breadcrumb\",\"itemListElement\":[{\"@type\":\"ListItem\",\"position\":1,\"name\":\"Home\",\"item\":\"https:\/\/squidweb.biz\/es\/home\/\"},{\"@type\":\"ListItem\",\"position\":2,\"name\":\"Soluciones\",\"item\":\"https:\/\/squidweb.biz\/es\/soluciones\/\"},{\"@type\":\"ListItem\",\"position\":3,\"name\":\"Atenci\u00f3n al cliente\"}]},{\"@type\":\"WebSite\",\"@id\":\"https:\/\/squidweb.biz\/en\/#website\",\"url\":\"https:\/\/squidweb.biz\/en\/\",\"name\":\"SquidWeb\",\"description\":\"Complete Personnel Management Software\",\"potentialAction\":[{\"@type\":\"SearchAction\",\"target\":{\"@type\":\"EntryPoint\",\"urlTemplate\":\"https:\/\/squidweb.biz\/en\/?s={search_term_string}\"},\"query-input\":{\"@type\":\"PropertyValueSpecification\",\"valueRequired\":true,\"valueName\":\"search_term_string\"}}],\"inLanguage\":\"es\"}]}<\/script>\n<!-- \/ Yoast SEO plugin. -->","yoast_head_json":{"title":"Atenci\u00f3n al cliente - SquidWeb","robots":{"index":"index","follow":"follow","max-snippet":"max-snippet:-1","max-image-preview":"max-image-preview:large","max-video-preview":"max-video-preview:-1"},"canonical":"https:\/\/squidweb.biz\/es\/soluciones\/atencion-al-cliente\/","og_locale":"es_ES","og_type":"article","og_title":"Atenci\u00f3n al cliente - SquidWeb","og_url":"https:\/\/squidweb.biz\/es\/soluciones\/atencion-al-cliente\/","og_site_name":"SquidWeb","article_modified_time":"2025-10-21T10:06:37+00:00","twitter_card":"summary_large_image","twitter_misc":{"Tiempo de lectura":"4 minutos"},"schema":{"@context":"https:\/\/schema.org","@graph":[{"@type":"WebPage","@id":"https:\/\/squidweb.biz\/es\/soluciones\/atencion-al-cliente\/","url":"https:\/\/squidweb.biz\/es\/soluciones\/atencion-al-cliente\/","name":"Atenci\u00f3n al cliente - SquidWeb","isPartOf":{"@id":"https:\/\/squidweb.biz\/en\/#website"},"datePublished":"2025-10-21T08:37:59+00:00","dateModified":"2025-10-21T10:06:37+00:00","breadcrumb":{"@id":"https:\/\/squidweb.biz\/es\/soluciones\/atencion-al-cliente\/#breadcrumb"},"inLanguage":"es","potentialAction":[{"@type":"ReadAction","target":["https:\/\/squidweb.biz\/es\/soluciones\/atencion-al-cliente\/"]}]},{"@type":"BreadcrumbList","@id":"https:\/\/squidweb.biz\/es\/soluciones\/atencion-al-cliente\/#breadcrumb","itemListElement":[{"@type":"ListItem","position":1,"name":"Home","item":"https:\/\/squidweb.biz\/es\/home\/"},{"@type":"ListItem","position":2,"name":"Soluciones","item":"https:\/\/squidweb.biz\/es\/soluciones\/"},{"@type":"ListItem","position":3,"name":"Atenci\u00f3n al cliente"}]},{"@type":"WebSite","@id":"https:\/\/squidweb.biz\/en\/#website","url":"https:\/\/squidweb.biz\/en\/","name":"SquidWeb","description":"Complete Personnel Management Software","potentialAction":[{"@type":"SearchAction","target":{"@type":"EntryPoint","urlTemplate":"https:\/\/squidweb.biz\/en\/?s={search_term_string}"},"query-input":{"@type":"PropertyValueSpecification","valueRequired":true,"valueName":"search_term_string"}}],"inLanguage":"es"}]}},"_links":{"self":[{"href":"https:\/\/squidweb.biz\/es\/wp-json\/wp\/v2\/pages\/3386","targetHints":{"allow":["GET"]}}],"collection":[{"href":"https:\/\/squidweb.biz\/es\/wp-json\/wp\/v2\/pages"}],"about":[{"href":"https:\/\/squidweb.biz\/es\/wp-json\/wp\/v2\/types\/page"}],"author":[{"embeddable":true,"href":"https:\/\/squidweb.biz\/es\/wp-json\/wp\/v2\/users\/100"}],"replies":[{"embeddable":true,"href":"https:\/\/squidweb.biz\/es\/wp-json\/wp\/v2\/comments?post=3386"}],"version-history":[{"count":4,"href":"https:\/\/squidweb.biz\/es\/wp-json\/wp\/v2\/pages\/3386\/revisions"}],"predecessor-version":[{"id":3415,"href":"https:\/\/squidweb.biz\/es\/wp-json\/wp\/v2\/pages\/3386\/revisions\/3415"}],"up":[{"embeddable":true,"href":"https:\/\/squidweb.biz\/es\/wp-json\/wp\/v2\/pages\/3294"}],"wp:attachment":[{"href":"https:\/\/squidweb.biz\/es\/wp-json\/wp\/v2\/media?parent=3386"}],"curies":[{"name":"wp","href":"https:\/\/api.w.org\/{rel}","templated":true}]}}