{"id":3720,"date":"2021-12-09T14:27:13","date_gmt":"2021-12-09T13:27:13","guid":{"rendered":"https:\/\/squidweb.biz\/solutions\/client-suite\/"},"modified":"2026-03-03T07:51:29","modified_gmt":"2026-03-03T06:51:29","slug":"client-suite","status":"publish","type":"page","link":"https:\/\/squidweb.biz\/de\/solutions\/client-suite\/","title":{"rendered":"Client Suite"},"content":{"rendered":"<div id='av_section_1'  class='avia-section av-kp8fqqyl-c93d7d1e7b80feba1f4a953bd3b7b7e0 alternate_color avia-section-default avia-no-border-styling  avia-builder-el-0  el_before_av_section  avia-builder-el-first  avia-bg-style-scroll container_wrap fullsize'  ><div class='container av-section-cont-open' ><main  role=\"main\" itemprop=\"mainContentOfPage\"  class='template-page content  av-content-full alpha units'><div class='post-entry post-entry-type-page post-entry-3720'><div class='entry-content-wrapper clearfix'>\n<section  class='av_textblock_section av-knhe6slp-4edf6f57661d346960388a01e4f6cf62 '   itemscope=\"itemscope\" itemtype=\"https:\/\/schema.org\/CreativeWork\" ><div class='avia_textblock'  itemprop=\"text\" ><h1 style=\"text-align: center;\"><strong>Crew Planner<\/strong><\/h1>\n<\/div><\/section>\n<div class='flex_column_table av-4u2r99-6c38656f6098993bf532477b962aa479 sc-av_one_half av-equal-height-column-flextable'>\n<style type=\"text\/css\" data-created_by=\"avia_inline_auto\" id=\"style-css-av-4u2r99-6c38656f6098993bf532477b962aa479\">\n.flex_column.av-4u2r99-6c38656f6098993bf532477b962aa479{\nborder-radius:0px 0px 0px 0px;\npadding:50px 0px 0px 0px;\n}\n<\/style>\n<div  class='flex_column av-4u2r99-6c38656f6098993bf532477b962aa479 av_one_half  avia-builder-el-2  el_after_av_textblock  el_before_av_one_half  first flex_column_table_cell av-equal-height-column av-align-top  column-top-margin'     ><style type=\"text\/css\" data-created_by=\"avia_inline_auto\" id=\"style-css-av-kp8gy155-369b1e05e88d4238126d264f0266645c\">\n.avia-image-container.av-kp8gy155-369b1e05e88d4238126d264f0266645c img.avia_image{\nbox-shadow:none;\n}\n.avia-image-container.av-kp8gy155-369b1e05e88d4238126d264f0266645c .av-image-caption-overlay-center{\ncolor:#ffffff;\n}\n<\/style>\n<div  class='avia-image-container av-kp8gy155-369b1e05e88d4238126d264f0266645c av-styling- avia-align-center  avia-builder-el-3  avia-builder-el-no-sibling '   itemprop=\"image\" itemscope=\"itemscope\" itemtype=\"https:\/\/schema.org\/ImageObject\" ><div class=\"avia-image-container-inner\"><div class=\"avia-image-overlay-wrap\"><img decoding=\"async\" fetchpriority=\"high\" class='wp-image-2282 avia-img-lazy-loading-not-2282 avia_image ' src=\"https:\/\/squidweb.biz\/wp-content\/uploads\/2021\/12\/Crew_planner_with_arrows_editable_02122021-1.gif\" alt='' title='Crew_planner_with_arrows_editable_02122021'   itemprop=\"thumbnailUrl\"  \/><\/div><\/div><\/div><\/div><div class='av-flex-placeholder'><\/div>\n<style type=\"text\/css\" data-created_by=\"avia_inline_auto\" id=\"style-css-av-2wc965-39b51e72aebda3e37b12a9ec3801228a\">\n.flex_column.av-2wc965-39b51e72aebda3e37b12a9ec3801228a{\nborder-radius:0px 0px 0px 0px;\npadding:30px 0px 0px 0px;\n}\n<\/style>\n<div  class='flex_column av-2wc965-39b51e72aebda3e37b12a9ec3801228a av_one_half  avia-builder-el-4  el_after_av_one_half  avia-builder-el-last  flex_column_table_cell av-equal-height-column av-align-top  column-top-margin'     ><section  class='av_textblock_section av-knheqzaw-a20eedca74cdea0de3e5b5669fbddfd7 '   itemscope=\"itemscope\" itemtype=\"https:\/\/schema.org\/CreativeWork\" ><div class='avia_textblock'  itemprop=\"text\" ><p class=\"p1\">Unsere Crew-Planer-L\u00f6sung bietet Ihren Kunden eine \u00dcbersicht \u00fcber die Crew-Mitglieder, ihre Funktionen, ihre Verf\u00fcgbarkeit sowie die gebuchten Schichten f\u00fcr jedes Projekt \u2013 alles in einem zentralen Kalender.<\/p>\n<p class=\"p1\">Der Kunde erh\u00e4lt einen schnellen \u00dcberblick \u00fcber die Projektkapazit\u00e4ten innerhalb des Crew Planners: welche Crew-Mitglieder eingecheckt haben, f\u00fcr welche Projekte sie gebucht sind und welchen Status jedes Crew-Mitglied aktuell hat.<\/p>\n<p class=\"p1\">Zudem hilft der Crew Planner dabei, Probleme fr\u00fchzeitig zu erkennen, wie beispielsweise Doppelbuchungen oder offene Buchungsanfragen, sodass rechtzeitig reagiert werden kann, um Terminengp\u00e4sse zu vermeiden.<\/p>\n<p class=\"p1\">Vergangene, laufende und zuk\u00fcnftige Projekte sind im Crew Planner sichtbar, sodass der Kunde eine umfassende \u00dcbersicht \u00fcber alle Projektaktivit\u00e4ten erh\u00e4lt.<\/p>\n<\/div><\/section><\/div><\/div><!--close column table wrapper. Autoclose: 1 --><\/div><\/div><\/main><!-- close content main element --><\/div><\/div><div id='av_section_2'  class='avia-section av-kp8fpycf-5b5df10b8d95c70e228d75eafa4cf512 main_color avia-section-default avia-no-border-styling  avia-builder-el-6  el_after_av_section  el_before_av_section  avia-bg-style-scroll container_wrap fullsize'  ><div class='container av-section-cont-open' ><div class='template-page content  av-content-full alpha units'><div class='post-entry post-entry-type-page post-entry-3720'><div class='entry-content-wrapper clearfix'>\n<section  class='av_textblock_section av-kp3wppud-393770e97b8ff9c221bd0c2d5ec5484e '   itemscope=\"itemscope\" itemtype=\"https:\/\/schema.org\/CreativeWork\" ><div class='avia_textblock'  itemprop=\"text\" ><h1 style=\"text-align: center;\"><strong>Planungskalender<\/strong><\/h1>\n<\/div><\/section>\n\n<style type=\"text\/css\" data-created_by=\"avia_inline_auto\" id=\"style-css-av-qh6uy-4315571b44f92dd4af87c297ea22ff43\">\n.flex_column.av-qh6uy-4315571b44f92dd4af87c297ea22ff43{\nborder-radius:0px 0px 0px 0px;\npadding:0px 0px 0px 0px;\n}\n<\/style>\n<div  class='flex_column av-qh6uy-4315571b44f92dd4af87c297ea22ff43 av_one_half  avia-builder-el-8  el_after_av_textblock  el_before_av_one_half  first flex_column_div  column-top-margin'     ><section  class='av_textblock_section av-kp3xe2lh-993d787b02dac340efc2c180fd9a7bab '   itemscope=\"itemscope\" itemtype=\"https:\/\/schema.org\/CreativeWork\" ><div class='avia_textblock'  itemprop=\"text\" ><p class=\"p1\">Der Planungskalender zeigt an, ob Crew-Mitglieder f\u00fcr einen Auftrag best\u00e4tigt sind, welche genaue Funktion sie \u00fcbernehmen und f\u00fcr welche Schichten sie eingeplant wurden.<\/p>\n<p class=\"p1\">Durch den Planungskalender kann sich der Kunde sicher sein, dass alle Bereiche seiner Projekte im Blick sind und beh\u00e4lt stets eine klare Kontrolle \u00fcber den Projektfortschritt.<\/p>\n<\/div><\/section><\/div>\n<style type=\"text\/css\" data-created_by=\"avia_inline_auto\" id=\"style-css-av-4ehf3u-cafa8328e7870fcb9ba93b85845ca268\">\n.flex_column.av-4ehf3u-cafa8328e7870fcb9ba93b85845ca268{\nborder-radius:0px 0px 0px 0px;\npadding:0px 0px 0px 0px;\n}\n<\/style>\n<div  class='flex_column av-4ehf3u-cafa8328e7870fcb9ba93b85845ca268 av_one_half  avia-builder-el-10  el_after_av_one_half  avia-builder-el-last  flex_column_div av-zero-column-padding  column-top-margin'     ><style type=\"text\/css\" data-created_by=\"avia_inline_auto\" id=\"style-css-av-kpxzwf2a-db29c8515ef5de02830c5102d34a9395\">\n.avia-image-container.av-kpxzwf2a-db29c8515ef5de02830c5102d34a9395 img.avia_image{\nbox-shadow:none;\n}\n.avia-image-container.av-kpxzwf2a-db29c8515ef5de02830c5102d34a9395 .av-image-caption-overlay-center{\ncolor:#ffffff;\n}\n<\/style>\n<div  class='avia-image-container av-kpxzwf2a-db29c8515ef5de02830c5102d34a9395 av-styling- avia-align-right  avia-builder-el-11  avia-builder-el-no-sibling '   itemprop=\"image\" itemscope=\"itemscope\" itemtype=\"https:\/\/schema.org\/ImageObject\" ><div class=\"avia-image-container-inner\"><div class=\"avia-image-overlay-wrap\"><img decoding=\"async\" fetchpriority=\"high\" class='wp-image-2285 avia-img-lazy-loading-not-2285 avia_image ' src=\"https:\/\/squidweb.biz\/wp-content\/uploads\/2021\/12\/Camtasia_planning_calendar_final.gif\" alt='' title='Camtasia_planning_calendar_final'   itemprop=\"thumbnailUrl\"  \/><\/div><\/div><\/div><\/div><\/div><\/div><\/div><!-- close content main div --><\/div><\/div><div id='av_section_3'  class='avia-section av-kqgq0xqj-977ed38d970e04c90f5b127c8d5cc26c alternate_color avia-section-default avia-no-border-styling  avia-builder-el-12  el_after_av_section  avia-builder-el-last  avia-bg-style-scroll container_wrap fullsize'  ><div class='container av-section-cont-open' ><div class='template-page content  av-content-full alpha units'><div class='post-entry post-entry-type-page post-entry-3720'><div class='entry-content-wrapper clearfix'>\n<section  class='av_textblock_section av-kp3wppud-bf53825eea696df382fa888462fdcf62 '   itemscope=\"itemscope\" itemtype=\"https:\/\/schema.org\/CreativeWork\" ><div class='avia_textblock'  itemprop=\"text\" ><h1 style=\"text-align: center;\"><strong>Planning crew item list<\/strong><\/h1>\n<\/div><\/section>\n\n<style type=\"text\/css\" data-created_by=\"avia_inline_auto\" id=\"style-css-av-2wxhcj-9e830925ea8acc3236871a593813c6d0\">\n.flex_column.av-2wxhcj-9e830925ea8acc3236871a593813c6d0{\nborder-radius:0px 0px 0px 0px;\npadding:0px 0px 0px 0px;\n}\n<\/style>\n<div  class='flex_column av-2wxhcj-9e830925ea8acc3236871a593813c6d0 av_one_half  avia-builder-el-14  el_after_av_textblock  el_before_av_one_half  first flex_column_div av-zero-column-padding  column-top-margin'     ><style type=\"text\/css\" data-created_by=\"avia_inline_auto\" id=\"style-css-av-kwg4klpd-86f26436cee9f429975e2595a75b7c3a\">\n.avia-image-container.av-kwg4klpd-86f26436cee9f429975e2595a75b7c3a img.avia_image{\nbox-shadow:none;\n}\n.avia-image-container.av-kwg4klpd-86f26436cee9f429975e2595a75b7c3a .av-image-caption-overlay-center{\ncolor:#ffffff;\n}\n<\/style>\n<div  class='avia-image-container av-kwg4klpd-86f26436cee9f429975e2595a75b7c3a av-styling- avia-align-center  avia-builder-el-15  avia-builder-el-no-sibling '   itemprop=\"image\" itemscope=\"itemscope\" itemtype=\"https:\/\/schema.org\/ImageObject\" ><div class=\"avia-image-container-inner\"><div class=\"avia-image-overlay-wrap\"><img decoding=\"async\" fetchpriority=\"high\" class='wp-image-2202 avia-img-lazy-loading-not-2202 avia_image ' src=\"https:\/\/squidweb.biz\/wp-content\/uploads\/2021\/11\/Planning_crew_item_list_new.gif\" alt='' title='Planning_crew_item_list_new'  height=\"666\" width=\"1083\"  itemprop=\"thumbnailUrl\"  \/><\/div><\/div><\/div><\/div>\n<style type=\"text\/css\" data-created_by=\"avia_inline_auto\" id=\"style-css-av-qh6uy-45311055c005eedecdf469b292f83bd4\">\n.flex_column.av-qh6uy-45311055c005eedecdf469b292f83bd4{\nborder-radius:0px 0px 0px 0px;\npadding:0px 0px 0px 0px;\n}\n<\/style>\n<div  class='flex_column av-qh6uy-45311055c005eedecdf469b292f83bd4 av_one_half  avia-builder-el-16  el_after_av_one_half  avia-builder-el-last  flex_column_div  column-top-margin'     ><section  class='av_textblock_section av-kp3xe2lh-993d787b02dac340efc2c180fd9a7bab '   itemscope=\"itemscope\" itemtype=\"https:\/\/schema.org\/CreativeWork\" ><div class='avia_textblock'  itemprop=\"text\" ><p class=\"p1\">Der Lebenszyklus eines Projekts ist erst dann vollst\u00e4ndig nachvollziehbar, wenn auch die finanziellen Aspekte der eingesetzten Ressourcen transparent sind \u2013 genau daf\u00fcr bietet die Planning Crew Item List die passende \u00dcbersicht.<\/p>\n<p class=\"p1\">Die Planning Crew Item List zeigt alle Kundenprojekte zusammen mit den gebuchten Crew-Mitgliedern, den geplanten Schichten, Funktionen sowie den jeweiligen Stundens\u00e4tzen pro Crew-Mitglied an.<\/p>\n<p class=\"p1\">Innerhalb einer zentralen Ansicht kann der Kunde schnell die gesamten Personalkosten eines Projekts nachvollziehen und erh\u00e4lt volle Transparenz \u00fcber den Ressourceneinsatz.<\/p>\n<\/div><\/section><\/div><\/p>\n","protected":false},"excerpt":{"rendered":"","protected":false},"author":102,"featured_media":0,"parent":3643,"menu_order":0,"comment_status":"closed","ping_status":"closed","template":"","meta":{"footnotes":""},"class_list":["post-3720","page","type-page","status-publish","hentry"],"yoast_head":"<!-- This site is optimized with the Yoast SEO plugin v26.1.1 - https:\/\/yoast.com\/wordpress\/plugins\/seo\/ -->\n<title>Client Suite - SquidWeb<\/title>\n<meta name=\"robots\" content=\"index, follow, max-snippet:-1, max-image-preview:large, max-video-preview:-1\" \/>\n<link rel=\"canonical\" href=\"https:\/\/squidweb.biz\/de\/solutions\/client-suite\/\" \/>\n<meta property=\"og:locale\" content=\"de_DE\" \/>\n<meta property=\"og:type\" content=\"article\" \/>\n<meta property=\"og:title\" content=\"Client Suite - SquidWeb\" \/>\n<meta property=\"og:url\" content=\"https:\/\/squidweb.biz\/de\/solutions\/client-suite\/\" \/>\n<meta property=\"og:site_name\" content=\"SquidWeb\" \/>\n<meta property=\"article:modified_time\" content=\"2026-03-03T06:51:29+00:00\" \/>\n<meta name=\"twitter:card\" content=\"summary_large_image\" \/>\n<meta name=\"twitter:label1\" content=\"Gesch\u00e4tzte Lesezeit\" \/>\n\t<meta name=\"twitter:data1\" content=\"2\u00a0Minuten\" \/>\n<script type=\"application\/ld+json\" class=\"yoast-schema-graph\">{\"@context\":\"https:\/\/schema.org\",\"@graph\":[{\"@type\":\"WebPage\",\"@id\":\"https:\/\/squidweb.biz\/de\/solutions\/client-suite\/\",\"url\":\"https:\/\/squidweb.biz\/de\/solutions\/client-suite\/\",\"name\":\"Client Suite - SquidWeb\",\"isPartOf\":{\"@id\":\"https:\/\/squidweb.biz\/en\/#website\"},\"datePublished\":\"2021-12-09T13:27:13+00:00\",\"dateModified\":\"2026-03-03T06:51:29+00:00\",\"breadcrumb\":{\"@id\":\"https:\/\/squidweb.biz\/de\/solutions\/client-suite\/#breadcrumb\"},\"inLanguage\":\"de\",\"potentialAction\":[{\"@type\":\"ReadAction\",\"target\":[\"https:\/\/squidweb.biz\/de\/solutions\/client-suite\/\"]}]},{\"@type\":\"BreadcrumbList\",\"@id\":\"https:\/\/squidweb.biz\/de\/solutions\/client-suite\/#breadcrumb\",\"itemListElement\":[{\"@type\":\"ListItem\",\"position\":1,\"name\":\"Home\",\"item\":\"https:\/\/squidweb.biz\/de\/\"},{\"@type\":\"ListItem\",\"position\":2,\"name\":\"L\u00f6sungen\",\"item\":\"https:\/\/squidweb.biz\/de\/solutions\/\"},{\"@type\":\"ListItem\",\"position\":3,\"name\":\"Client Suite\"}]},{\"@type\":\"WebSite\",\"@id\":\"https:\/\/squidweb.biz\/en\/#website\",\"url\":\"https:\/\/squidweb.biz\/en\/\",\"name\":\"SquidWeb\",\"description\":\"Complete Personnel Management Software\",\"potentialAction\":[{\"@type\":\"SearchAction\",\"target\":{\"@type\":\"EntryPoint\",\"urlTemplate\":\"https:\/\/squidweb.biz\/en\/?s={search_term_string}\"},\"query-input\":{\"@type\":\"PropertyValueSpecification\",\"valueRequired\":true,\"valueName\":\"search_term_string\"}}],\"inLanguage\":\"de\"}]}<\/script>\n<!-- \/ Yoast SEO plugin. -->","yoast_head_json":{"title":"Client Suite - SquidWeb","robots":{"index":"index","follow":"follow","max-snippet":"max-snippet:-1","max-image-preview":"max-image-preview:large","max-video-preview":"max-video-preview:-1"},"canonical":"https:\/\/squidweb.biz\/de\/solutions\/client-suite\/","og_locale":"de_DE","og_type":"article","og_title":"Client Suite - SquidWeb","og_url":"https:\/\/squidweb.biz\/de\/solutions\/client-suite\/","og_site_name":"SquidWeb","article_modified_time":"2026-03-03T06:51:29+00:00","twitter_card":"summary_large_image","twitter_misc":{"Gesch\u00e4tzte Lesezeit":"2\u00a0Minuten"},"schema":{"@context":"https:\/\/schema.org","@graph":[{"@type":"WebPage","@id":"https:\/\/squidweb.biz\/de\/solutions\/client-suite\/","url":"https:\/\/squidweb.biz\/de\/solutions\/client-suite\/","name":"Client Suite - SquidWeb","isPartOf":{"@id":"https:\/\/squidweb.biz\/en\/#website"},"datePublished":"2021-12-09T13:27:13+00:00","dateModified":"2026-03-03T06:51:29+00:00","breadcrumb":{"@id":"https:\/\/squidweb.biz\/de\/solutions\/client-suite\/#breadcrumb"},"inLanguage":"de","potentialAction":[{"@type":"ReadAction","target":["https:\/\/squidweb.biz\/de\/solutions\/client-suite\/"]}]},{"@type":"BreadcrumbList","@id":"https:\/\/squidweb.biz\/de\/solutions\/client-suite\/#breadcrumb","itemListElement":[{"@type":"ListItem","position":1,"name":"Home","item":"https:\/\/squidweb.biz\/de\/"},{"@type":"ListItem","position":2,"name":"L\u00f6sungen","item":"https:\/\/squidweb.biz\/de\/solutions\/"},{"@type":"ListItem","position":3,"name":"Client Suite"}]},{"@type":"WebSite","@id":"https:\/\/squidweb.biz\/en\/#website","url":"https:\/\/squidweb.biz\/en\/","name":"SquidWeb","description":"Complete Personnel Management Software","potentialAction":[{"@type":"SearchAction","target":{"@type":"EntryPoint","urlTemplate":"https:\/\/squidweb.biz\/en\/?s={search_term_string}"},"query-input":{"@type":"PropertyValueSpecification","valueRequired":true,"valueName":"search_term_string"}}],"inLanguage":"de"}]}},"_links":{"self":[{"href":"https:\/\/squidweb.biz\/de\/wp-json\/wp\/v2\/pages\/3720","targetHints":{"allow":["GET"]}}],"collection":[{"href":"https:\/\/squidweb.biz\/de\/wp-json\/wp\/v2\/pages"}],"about":[{"href":"https:\/\/squidweb.biz\/de\/wp-json\/wp\/v2\/types\/page"}],"author":[{"embeddable":true,"href":"https:\/\/squidweb.biz\/de\/wp-json\/wp\/v2\/users\/102"}],"replies":[{"embeddable":true,"href":"https:\/\/squidweb.biz\/de\/wp-json\/wp\/v2\/comments?post=3720"}],"version-history":[{"count":7,"href":"https:\/\/squidweb.biz\/de\/wp-json\/wp\/v2\/pages\/3720\/revisions"}],"predecessor-version":[{"id":3728,"href":"https:\/\/squidweb.biz\/de\/wp-json\/wp\/v2\/pages\/3720\/revisions\/3728"}],"up":[{"embeddable":true,"href":"https:\/\/squidweb.biz\/de\/wp-json\/wp\/v2\/pages\/3643"}],"wp:attachment":[{"href":"https:\/\/squidweb.biz\/de\/wp-json\/wp\/v2\/media?parent=3720"}],"curies":[{"name":"wp","href":"https:\/\/api.w.org\/{rel}","templated":true}]}}