{"id":3713,"date":"2021-06-15T13:20:59","date_gmt":"2021-06-15T11:20:59","guid":{"rendered":"https:\/\/squidweb.biz\/solutions\/client-care\/"},"modified":"2026-03-03T07:45:00","modified_gmt":"2026-03-03T06:45:00","slug":"client-care","status":"publish","type":"page","link":"https:\/\/squidweb.biz\/de\/solutions\/client-care\/","title":{"rendered":"Kundenbetreuung"},"content":{"rendered":"<div id='av_section_1'  class='avia-section av-kp8fqqyl-c93d7d1e7b80feba1f4a953bd3b7b7e0 alternate_color avia-section-default avia-no-border-styling  avia-builder-el-0  el_before_av_section  avia-builder-el-first  avia-bg-style-scroll container_wrap fullsize'  ><div class='container av-section-cont-open' ><main  role=\"main\" itemprop=\"mainContentOfPage\"  class='template-page content  av-content-full alpha units'><div class='post-entry post-entry-type-page post-entry-3713'><div class='entry-content-wrapper clearfix'>\n<section  class='av_textblock_section av-knhe6slp-49461f55221b818cb523dc1f2606d84a '   itemscope=\"itemscope\" itemtype=\"https:\/\/schema.org\/CreativeWork\" ><div class='avia_textblock'  itemprop=\"text\" ><h1 style=\"text-align: center;\">Automatisierte Kundenbetreuungs-Erinnerung<\/h1>\n<\/div><\/section>\n<div class='flex_column_table av-4u2r99-ef55ed396e4326b061beff2eceb3f88b sc-av_one_fourth av-equal-height-column-flextable'>\n<style type=\"text\/css\" data-created_by=\"avia_inline_auto\" id=\"style-css-av-4u2r99-ef55ed396e4326b061beff2eceb3f88b\">\n.flex_column.av-4u2r99-ef55ed396e4326b061beff2eceb3f88b{\nborder-radius:0px 0px 0px 0px;\npadding:0px 0px 0px 0px;\n}\n<\/style>\n<div  class='flex_column av-4u2r99-ef55ed396e4326b061beff2eceb3f88b av_one_fourth  avia-builder-el-2  el_after_av_textblock  el_before_av_three_fourth  first flex_column_table_cell av-equal-height-column av-align-top av-zero-column-padding  column-top-margin'     ><style type=\"text\/css\" data-created_by=\"avia_inline_auto\" id=\"style-css-av-kp8gy155-a2f5e5c1cc08123aa4d9512a436bb592\">\n.avia-image-container.av-kp8gy155-a2f5e5c1cc08123aa4d9512a436bb592 img.avia_image{\nbox-shadow:none;\n}\n.avia-image-container.av-kp8gy155-a2f5e5c1cc08123aa4d9512a436bb592 .av-image-caption-overlay-center{\ncolor:#ffffff;\n}\n<\/style>\n<div  class='avia-image-container av-kp8gy155-a2f5e5c1cc08123aa4d9512a436bb592 av-styling- avia-align-center  avia-builder-el-3  avia-builder-el-no-sibling '   itemprop=\"image\" itemscope=\"itemscope\" itemtype=\"https:\/\/schema.org\/ImageObject\" ><div class=\"avia-image-container-inner\"><div class=\"avia-image-overlay-wrap\"><img decoding=\"async\" fetchpriority=\"high\" class='wp-image-2065 avia-img-lazy-loading-not-2065 avia_image ' src=\"https:\/\/squidweb.biz\/wp-content\/uploads\/2021\/06\/Sales.gif\" alt='' title='Sales'  height=\"381\" width=\"292\"  itemprop=\"thumbnailUrl\"  \/><\/div><\/div><\/div><\/div><div class='av-flex-placeholder'><\/div>\n<style type=\"text\/css\" data-created_by=\"avia_inline_auto\" id=\"style-css-av-2wc965-39b51e72aebda3e37b12a9ec3801228a\">\n.flex_column.av-2wc965-39b51e72aebda3e37b12a9ec3801228a{\nborder-radius:0px 0px 0px 0px;\npadding:30px 0px 0px 0px;\n}\n<\/style>\n<div  class='flex_column av-2wc965-39b51e72aebda3e37b12a9ec3801228a av_three_fourth  avia-builder-el-4  el_after_av_one_fourth  avia-builder-el-last  flex_column_table_cell av-equal-height-column av-align-top  column-top-margin'     ><section  class='av_textblock_section av-knheqzaw-a20eedca74cdea0de3e5b5669fbddfd7 '   itemscope=\"itemscope\" itemtype=\"https:\/\/schema.org\/CreativeWork\" ><div class='avia_textblock'  itemprop=\"text\" ><p class=\"p1\">Vertriebsteams werden regelm\u00e4\u00dfig daran erinnert, Kunden zu kontaktieren, um gute Gesch\u00e4ftsbeziehungen aufrechtzuerhalten und Folgeauftr\u00e4ge zu f\u00f6rdern. Wenn ein Kunde in den letzten <strong>6 Monaten<\/strong> keinen Kontakt mit dem Unternehmen hatte, wird ein Mitglied des Vertriebsteams den Kontakt aufnehmen, um nachzufragen, ob weiterer Bedarf besteht.<\/p>\n<p class=\"p1\">Der Client-Care-Erinnerungs-Roboter unterst\u00fctzt diesen Prozess, indem er das System auf alle Kunden \u00fcberpr\u00fcft, mit denen seit l\u00e4ngerer Zeit kein Kontakt bestand, eine To-do-Aufgabe f\u00fcr das Vertriebsteam erstellt und eine Nachricht in den SquidWeb-Messenger-Kanal des Teams sendet.<\/p>\n<\/div><\/section><\/div><\/div><!--close column table wrapper. Autoclose: 1 --><\/div><\/div><\/main><!-- close content main element --><\/div><\/div><div id='av_section_2'  class='avia-section av-kp8fpycf-5b5df10b8d95c70e228d75eafa4cf512 main_color avia-section-default avia-no-border-styling  avia-builder-el-6  el_after_av_section  el_before_av_section  avia-bg-style-scroll container_wrap fullsize'  ><div class='container av-section-cont-open' ><div class='template-page content  av-content-full alpha units'><div class='post-entry post-entry-type-page post-entry-3713'><div class='entry-content-wrapper clearfix'>\n<section  class='av_textblock_section av-kp3wppud-393770e97b8ff9c221bd0c2d5ec5484e '   itemscope=\"itemscope\" itemtype=\"https:\/\/schema.org\/CreativeWork\" ><div class='avia_textblock'  itemprop=\"text\" ><h2 style=\"text-align: center;\">Kundenbetreuungs-Erinnerungen<\/h2>\n<\/div><\/section>\n\n<style type=\"text\/css\" data-created_by=\"avia_inline_auto\" id=\"style-css-av-qh6uy-4315571b44f92dd4af87c297ea22ff43\">\n.flex_column.av-qh6uy-4315571b44f92dd4af87c297ea22ff43{\nborder-radius:0px 0px 0px 0px;\npadding:0px 0px 0px 0px;\n}\n<\/style>\n<div  class='flex_column av-qh6uy-4315571b44f92dd4af87c297ea22ff43 av_three_fifth  avia-builder-el-8  el_after_av_textblock  el_before_av_one_third  first flex_column_div  column-top-margin'     ><section  class='av_textblock_section av-kp3xe2lh-993d787b02dac340efc2c180fd9a7bab '   itemscope=\"itemscope\" itemtype=\"https:\/\/schema.org\/CreativeWork\" ><div class='avia_textblock'  itemprop=\"text\" ><p class=\"p1\">Mit der Zeit k\u00f6nnen einzelne Kunden aus dem Blick geraten \u2013 und mit ihnen potenzielles Folgegesch\u00e4ft. Um m\u00f6glichst viele Kundenbeziehungen zu erhalten, kann SquidWeb als CRM-Tool eingesetzt werden, das alle Kundenkontakte zentral verwaltet. Das CRM gibt dem Vertriebsteam einen klaren \u00dcberblick dar\u00fcber, welche Kunden k\u00fcrzlich kontaktiert wurden und welche als N\u00e4chstes angesprochen werden sollten. Andernfalls ist dieser Prozess oft manuell, zeitaufwendig und fehleranf\u00e4llig.<\/p>\n<p class=\"p1\">Der Client-Care-Erinnerungs-Roboter automatisiert den Gro\u00dfteil dieses Prozesses, indem er dem Vertrieb regelm\u00e4\u00dfig eine pr\u00e4gnante Liste mit Kunden zur Verf\u00fcgung stellt, die kontaktiert werden sollten.<\/p>\n<p class=\"p1\">Die Erinnerung kann auf zwei Arten zugestellt werden. Erstens als Nachricht im SquidWeb-Messenger-Kanal des Vertriebsteams. Diese Nachricht listet alle nicht kontaktierten Kunden auf und ist mit der jeweiligen Kontaktseite in SquidWeb verlinkt. So k\u00f6nnen Teammitglieder sofort auf den Kunden zugreifen und den Kontaktprozess starten. Zweitens wird auf der Today-Seite f\u00fcr das Vertriebsteam eine To-do-Aufgabe erstellt, die ebenfalls mit der Kontaktseite verkn\u00fcpft ist, sodass die Nachverfolgung so einfach wie m\u00f6glich bleibt.<\/p>\n<\/div><\/section><\/div>\n<style type=\"text\/css\" data-created_by=\"avia_inline_auto\" id=\"style-css-av-4ehf3u-cafa8328e7870fcb9ba93b85845ca268\">\n.flex_column.av-4ehf3u-cafa8328e7870fcb9ba93b85845ca268{\nborder-radius:0px 0px 0px 0px;\npadding:0px 0px 0px 0px;\n}\n<\/style>\n<div  class='flex_column av-4ehf3u-cafa8328e7870fcb9ba93b85845ca268 av_one_third  avia-builder-el-10  el_after_av_three_fifth  el_before_av_one_full  flex_column_div av-zero-column-padding  column-top-margin'     ><style type=\"text\/css\" data-created_by=\"avia_inline_auto\" id=\"style-css-av-kpxzwf2a-605ddf1a4d1b371ec927ca1c4ee1f4bd\">\n.avia-image-container.av-kpxzwf2a-605ddf1a4d1b371ec927ca1c4ee1f4bd img.avia_image{\nbox-shadow:none;\n}\n.avia-image-container.av-kpxzwf2a-605ddf1a4d1b371ec927ca1c4ee1f4bd .av-image-caption-overlay-center{\ncolor:#ffffff;\n}\n<\/style>\n<div  class='avia-image-container av-kpxzwf2a-605ddf1a4d1b371ec927ca1c4ee1f4bd av-styling- avia-align-right  avia-builder-el-11  avia-builder-el-no-sibling '   itemprop=\"image\" itemscope=\"itemscope\" itemtype=\"https:\/\/schema.org\/ImageObject\" ><div class=\"avia-image-container-inner\"><div class=\"avia-image-overlay-wrap\"><img decoding=\"async\" fetchpriority=\"high\" class='wp-image-2069 avia-img-lazy-loading-not-2069 avia_image ' src=\"https:\/\/squidweb.biz\/wp-content\/uploads\/2021\/06\/linkedin-sales-solutions-EI50ZDA-l8Y-unsplash-687x1030.jpg\" alt='' title='linkedin-sales-solutions-EI50ZDA-l8Y-unsplash'  height=\"1030\" width=\"687\"  itemprop=\"thumbnailUrl\" srcset=\"https:\/\/squidweb.biz\/wp-content\/uploads\/2021\/06\/linkedin-sales-solutions-EI50ZDA-l8Y-unsplash-687x1030.jpg 687w, https:\/\/squidweb.biz\/wp-content\/uploads\/2021\/06\/linkedin-sales-solutions-EI50ZDA-l8Y-unsplash-200x300.jpg 200w, https:\/\/squidweb.biz\/wp-content\/uploads\/2021\/06\/linkedin-sales-solutions-EI50ZDA-l8Y-unsplash-768x1152.jpg 768w, https:\/\/squidweb.biz\/wp-content\/uploads\/2021\/06\/linkedin-sales-solutions-EI50ZDA-l8Y-unsplash-1024x1536.jpg 1024w, https:\/\/squidweb.biz\/wp-content\/uploads\/2021\/06\/linkedin-sales-solutions-EI50ZDA-l8Y-unsplash-1365x2048.jpg 1365w, https:\/\/squidweb.biz\/wp-content\/uploads\/2021\/06\/linkedin-sales-solutions-EI50ZDA-l8Y-unsplash-1000x1500.jpg 1000w, https:\/\/squidweb.biz\/wp-content\/uploads\/2021\/06\/linkedin-sales-solutions-EI50ZDA-l8Y-unsplash-470x705.jpg 470w, https:\/\/squidweb.biz\/wp-content\/uploads\/2021\/06\/linkedin-sales-solutions-EI50ZDA-l8Y-unsplash-scaled.jpg 1707w\" sizes=\"(max-width: 687px) 100vw, 687px\" \/><\/div><\/div><\/div><\/div>\n<style type=\"text\/css\" data-created_by=\"avia_inline_auto\" id=\"style-css-av-35dmbe-6d83a561770f3fabb5f7a20826bdf7d3\">\n.flex_column.av-35dmbe-6d83a561770f3fabb5f7a20826bdf7d3{\nborder-radius:0px 0px 0px 0px;\npadding:0px 0px 0px 0px;\n}\n<\/style>\n<div  class='flex_column av-35dmbe-6d83a561770f3fabb5f7a20826bdf7d3 av_one_full  avia-builder-el-12  el_after_av_one_third  avia-builder-el-last  first no_margin flex_column_div av-zero-column-padding  column-top-margin'     ><section  class='av_textblock_section av-kp8h0hd7-aa8bcffd1567aa9b62a0a20711f13d56 '   itemscope=\"itemscope\" itemtype=\"https:\/\/schema.org\/CreativeWork\" ><div class='avia_textblock'  itemprop=\"text\" ><p class=\"p1\">Der Roboter \u00fcberpr\u00fcft die Datenbank auf alle Kunden, die in den letzten 6 Monaten nicht kontaktiert wurden, und pr\u00e4sentiert diese dem Vertriebsteam. Der Zeitraum von <strong>6 Monaten<\/strong> kann an die individuellen Outreach-Ziele Ihres Unternehmens angepasst werden. Auch das Ausl\u00f6seintervall des Roboters ist flexibel \u2013 standardm\u00e4\u00dfig wird er alle 2 Monate aktiviert und ber\u00fccksichtigt alle Kunden, die die 6-Monats-Grenze \u00fcberschritten haben. Sie k\u00f6nnen jedoch einen k\u00fcrzeren oder l\u00e4ngeren Zeitraum festlegen.<\/p>\n<\/div><\/section><\/div><\/div><\/div><\/div><!-- close content main div --><\/div><\/div><div id='av_section_3'  class='avia-section av-kqgq0xqj-977ed38d970e04c90f5b127c8d5cc26c alternate_color avia-section-default avia-no-border-styling  avia-builder-el-14  el_after_av_section  avia-builder-el-last  avia-bg-style-scroll container_wrap fullsize'  ><div class='container av-section-cont-open' ><div class='template-page content  av-content-full alpha units'><div class='post-entry post-entry-type-page post-entry-3713'><div class='entry-content-wrapper clearfix'>\n<section  class='av_textblock_section av-kp3wppud-393770e97b8ff9c221bd0c2d5ec5484e '   itemscope=\"itemscope\" itemtype=\"https:\/\/schema.org\/CreativeWork\" ><div class='avia_textblock'  itemprop=\"text\" ><h2 style=\"text-align: center;\">Automatisierte Kundenansprache<\/h2>\n<\/div><\/section>\n\n<style type=\"text\/css\" data-created_by=\"avia_inline_auto\" id=\"style-css-av-qh6uy-4315571b44f92dd4af87c297ea22ff43\">\n.flex_column.av-qh6uy-4315571b44f92dd4af87c297ea22ff43{\nborder-radius:0px 0px 0px 0px;\npadding:0px 0px 0px 0px;\n}\n<\/style>\n<div  class='flex_column av-qh6uy-4315571b44f92dd4af87c297ea22ff43 av_one_full  avia-builder-el-16  el_after_av_textblock  avia-builder-el-last  first flex_column_div  column-top-margin'     ><section  class='av_textblock_section av-kp3xe2lh-993d787b02dac340efc2c180fd9a7bab '   itemscope=\"itemscope\" itemtype=\"https:\/\/schema.org\/CreativeWork\" ><div class='avia_textblock'  itemprop=\"text\" ><p class=\"p1\">Kundenbetreuungs-Erinnerungen sind ein wertvolles Instrument, um Kunden zu halten und Folgegesch\u00e4fte zu f\u00f6rdern. Nicht jedes Unternehmen verf\u00fcgt jedoch \u00fcber die Ressourcen, alle ehemaligen Kunden regelm\u00e4\u00dfig pers\u00f6nlich zu kontaktieren.<\/p>\n<p class=\"p1\">Die Verwendung desselben Prozesses zur Durchsuchung der Datenbank nach Kunden, mit denen l\u00e4ngere Zeit kein Kontakt bestand, erm\u00f6glicht es, statt einer internen Erinnerung an das Vertriebsteam automatisch eine E-Mail direkt an die betreffenden Kunden zu senden.<\/p>\n<p class=\"p1\">Die E-Mail wird einmalig erstellt und als Vorlage im System hinterlegt. Obwohl sie automatisiert versendet wird, bleibt sie personalisiert, da Namen dynamisch durch die entsprechenden Kundendaten ersetzt werden. Auf diese Weise k\u00f6nnen auch gr\u00f6\u00dfere Mengen an Leads gleichzeitig kontaktiert werden.<\/p>\n<p class=\"p1\">Dies sind nur einige Beispiele daf\u00fcr, wie unser automatisierter Client-Care-Prozess das Outreach-Management unterst\u00fctzt. Durch die Einf\u00fchrung regelm\u00e4\u00dfiger Newsletter und die Automatisierung der Terminvereinbarung kann eine ganzheitliche L\u00f6sung f\u00fcr modernes Kundenmanagement umgesetzt werden.<\/p>\n<\/div><\/section><\/div><\/p>\n","protected":false},"excerpt":{"rendered":"","protected":false},"author":1,"featured_media":0,"parent":3643,"menu_order":0,"comment_status":"closed","ping_status":"closed","template":"","meta":{"footnotes":""},"class_list":["post-3713","page","type-page","status-publish","hentry"],"yoast_head":"<!-- This site is optimized with the Yoast SEO plugin v26.1.1 - https:\/\/yoast.com\/wordpress\/plugins\/seo\/ -->\n<title>Kundenbetreuung - SquidWeb<\/title>\n<meta name=\"robots\" content=\"index, follow, max-snippet:-1, max-image-preview:large, max-video-preview:-1\" \/>\n<link rel=\"canonical\" href=\"https:\/\/squidweb.biz\/de\/solutions\/client-care\/\" \/>\n<meta property=\"og:locale\" content=\"de_DE\" \/>\n<meta property=\"og:type\" content=\"article\" \/>\n<meta property=\"og:title\" content=\"Kundenbetreuung - SquidWeb\" \/>\n<meta property=\"og:url\" content=\"https:\/\/squidweb.biz\/de\/solutions\/client-care\/\" \/>\n<meta property=\"og:site_name\" content=\"SquidWeb\" \/>\n<meta property=\"article:modified_time\" content=\"2026-03-03T06:45:00+00:00\" \/>\n<meta name=\"twitter:card\" content=\"summary_large_image\" \/>\n<meta name=\"twitter:label1\" content=\"Gesch\u00e4tzte Lesezeit\" \/>\n\t<meta name=\"twitter:data1\" content=\"3\u00a0Minuten\" \/>\n<script type=\"application\/ld+json\" class=\"yoast-schema-graph\">{\"@context\":\"https:\/\/schema.org\",\"@graph\":[{\"@type\":\"WebPage\",\"@id\":\"https:\/\/squidweb.biz\/de\/solutions\/client-care\/\",\"url\":\"https:\/\/squidweb.biz\/de\/solutions\/client-care\/\",\"name\":\"Kundenbetreuung - SquidWeb\",\"isPartOf\":{\"@id\":\"https:\/\/squidweb.biz\/en\/#website\"},\"datePublished\":\"2021-06-15T11:20:59+00:00\",\"dateModified\":\"2026-03-03T06:45:00+00:00\",\"breadcrumb\":{\"@id\":\"https:\/\/squidweb.biz\/de\/solutions\/client-care\/#breadcrumb\"},\"inLanguage\":\"de\",\"potentialAction\":[{\"@type\":\"ReadAction\",\"target\":[\"https:\/\/squidweb.biz\/de\/solutions\/client-care\/\"]}]},{\"@type\":\"BreadcrumbList\",\"@id\":\"https:\/\/squidweb.biz\/de\/solutions\/client-care\/#breadcrumb\",\"itemListElement\":[{\"@type\":\"ListItem\",\"position\":1,\"name\":\"Home\",\"item\":\"https:\/\/squidweb.biz\/de\/\"},{\"@type\":\"ListItem\",\"position\":2,\"name\":\"L\u00f6sungen\",\"item\":\"https:\/\/squidweb.biz\/de\/solutions\/\"},{\"@type\":\"ListItem\",\"position\":3,\"name\":\"Kundenbetreuung\"}]},{\"@type\":\"WebSite\",\"@id\":\"https:\/\/squidweb.biz\/en\/#website\",\"url\":\"https:\/\/squidweb.biz\/en\/\",\"name\":\"SquidWeb\",\"description\":\"Complete Personnel Management Software\",\"potentialAction\":[{\"@type\":\"SearchAction\",\"target\":{\"@type\":\"EntryPoint\",\"urlTemplate\":\"https:\/\/squidweb.biz\/en\/?s={search_term_string}\"},\"query-input\":{\"@type\":\"PropertyValueSpecification\",\"valueRequired\":true,\"valueName\":\"search_term_string\"}}],\"inLanguage\":\"de\"}]}<\/script>\n<!-- \/ Yoast SEO plugin. -->","yoast_head_json":{"title":"Kundenbetreuung - SquidWeb","robots":{"index":"index","follow":"follow","max-snippet":"max-snippet:-1","max-image-preview":"max-image-preview:large","max-video-preview":"max-video-preview:-1"},"canonical":"https:\/\/squidweb.biz\/de\/solutions\/client-care\/","og_locale":"de_DE","og_type":"article","og_title":"Kundenbetreuung - SquidWeb","og_url":"https:\/\/squidweb.biz\/de\/solutions\/client-care\/","og_site_name":"SquidWeb","article_modified_time":"2026-03-03T06:45:00+00:00","twitter_card":"summary_large_image","twitter_misc":{"Gesch\u00e4tzte Lesezeit":"3\u00a0Minuten"},"schema":{"@context":"https:\/\/schema.org","@graph":[{"@type":"WebPage","@id":"https:\/\/squidweb.biz\/de\/solutions\/client-care\/","url":"https:\/\/squidweb.biz\/de\/solutions\/client-care\/","name":"Kundenbetreuung - SquidWeb","isPartOf":{"@id":"https:\/\/squidweb.biz\/en\/#website"},"datePublished":"2021-06-15T11:20:59+00:00","dateModified":"2026-03-03T06:45:00+00:00","breadcrumb":{"@id":"https:\/\/squidweb.biz\/de\/solutions\/client-care\/#breadcrumb"},"inLanguage":"de","potentialAction":[{"@type":"ReadAction","target":["https:\/\/squidweb.biz\/de\/solutions\/client-care\/"]}]},{"@type":"BreadcrumbList","@id":"https:\/\/squidweb.biz\/de\/solutions\/client-care\/#breadcrumb","itemListElement":[{"@type":"ListItem","position":1,"name":"Home","item":"https:\/\/squidweb.biz\/de\/"},{"@type":"ListItem","position":2,"name":"L\u00f6sungen","item":"https:\/\/squidweb.biz\/de\/solutions\/"},{"@type":"ListItem","position":3,"name":"Kundenbetreuung"}]},{"@type":"WebSite","@id":"https:\/\/squidweb.biz\/en\/#website","url":"https:\/\/squidweb.biz\/en\/","name":"SquidWeb","description":"Complete Personnel Management Software","potentialAction":[{"@type":"SearchAction","target":{"@type":"EntryPoint","urlTemplate":"https:\/\/squidweb.biz\/en\/?s={search_term_string}"},"query-input":{"@type":"PropertyValueSpecification","valueRequired":true,"valueName":"search_term_string"}}],"inLanguage":"de"}]}},"_links":{"self":[{"href":"https:\/\/squidweb.biz\/de\/wp-json\/wp\/v2\/pages\/3713","targetHints":{"allow":["GET"]}}],"collection":[{"href":"https:\/\/squidweb.biz\/de\/wp-json\/wp\/v2\/pages"}],"about":[{"href":"https:\/\/squidweb.biz\/de\/wp-json\/wp\/v2\/types\/page"}],"author":[{"embeddable":true,"href":"https:\/\/squidweb.biz\/de\/wp-json\/wp\/v2\/users\/1"}],"replies":[{"embeddable":true,"href":"https:\/\/squidweb.biz\/de\/wp-json\/wp\/v2\/comments?post=3713"}],"version-history":[{"count":4,"href":"https:\/\/squidweb.biz\/de\/wp-json\/wp\/v2\/pages\/3713\/revisions"}],"predecessor-version":[{"id":3718,"href":"https:\/\/squidweb.biz\/de\/wp-json\/wp\/v2\/pages\/3713\/revisions\/3718"}],"up":[{"embeddable":true,"href":"https:\/\/squidweb.biz\/de\/wp-json\/wp\/v2\/pages\/3643"}],"wp:attachment":[{"href":"https:\/\/squidweb.biz\/de\/wp-json\/wp\/v2\/media?parent=3713"}],"curies":[{"name":"wp","href":"https:\/\/api.w.org\/{rel}","templated":true}]}}