{"id":3708,"date":"2026-02-04T14:50:21","date_gmt":"2026-02-04T13:50:21","guid":{"rendered":"https:\/\/squidweb.biz\/solutions\/automated-crew-communication\/"},"modified":"2026-03-03T07:38:12","modified_gmt":"2026-03-03T06:38:12","slug":"automated-crew-communication","status":"publish","type":"page","link":"https:\/\/squidweb.biz\/de\/solutions\/automated-crew-communication\/","title":{"rendered":"Automatisierte Crew-Kommunikation"},"content":{"rendered":"<div id='av_section_1'  class='avia-section av-kp8fqqyl-c93d7d1e7b80feba1f4a953bd3b7b7e0 alternate_color avia-section-default avia-no-border-styling  avia-builder-el-0  el_before_av_section  avia-builder-el-first  avia-bg-style-scroll container_wrap fullsize'  ><div class='container av-section-cont-open' ><main  role=\"main\" itemprop=\"mainContentOfPage\"  class='template-page content  av-content-full alpha units'><div class='post-entry post-entry-type-page post-entry-3708'><div class='entry-content-wrapper clearfix'>\n<section  class='av_textblock_section av-knhe6slp-49461f55221b818cb523dc1f2606d84a '   itemscope=\"itemscope\" itemtype=\"https:\/\/schema.org\/CreativeWork\" ><div class='avia_textblock'  itemprop=\"text\" ><h1 style=\"text-align: center;\">Ein zentrales System f\u00fcr die gesamte Crew-Kommunikation<\/h1>\n<\/div><\/section>\n<section  class='av_textblock_section av-ml83o4gf-cf7c53bc67dac072b15df10bfaa727ab '   itemscope=\"itemscope\" itemtype=\"https:\/\/schema.org\/CreativeWork\" ><div class='avia_textblock'  itemprop=\"text\" ><p class=\"p1\">Die Kommunikation mit Crews in gro\u00dfem Umfang zu steuern, ist komplex. Anweisungen, Updates, Best\u00e4tigungen, Compliance-Dokumente und projektspezifische Informationen m\u00fcssen die richtigen Personen zur richtigen Zeit erreichen \u2013 ohne zus\u00e4tzlichen manuellen Aufwand f\u00fcr Planungs- und Operationsteams zu verursachen.<\/p>\n<p class=\"p1\"><strong>SquidWeb automatisiert die Crew-Kommunikation<\/strong> vollst\u00e4ndig und verwandelt verstreute Nachrichten und manuelle Nachverfolgungen in einen strukturierten, zuverl\u00e4ssigen und nachvollziehbaren Prozess.<\/p>\n<\/div><\/section>\n\n<style type=\"text\/css\" data-created_by=\"avia_inline_auto\" id=\"style-css-av-2wc965-e98208b59c6d42550b1d99efffd9bf76\">\n.flex_column.av-2wc965-e98208b59c6d42550b1d99efffd9bf76{\nborder-radius:0px 0px 0px 0px;\npadding:0px 0px 0px 0px;\n}\n<\/style>\n<div  class='flex_column av-2wc965-e98208b59c6d42550b1d99efffd9bf76 av_one_full  avia-builder-el-3  el_after_av_textblock  avia-builder-el-last  first flex_column_div av-zero-column-padding  column-top-margin'     ><section  class='av_textblock_section av-knheqzaw-a20eedca74cdea0de3e5b5669fbddfd7 '   itemscope=\"itemscope\" itemtype=\"https:\/\/schema.org\/CreativeWork\" ><div class='avia_textblock'  itemprop=\"text\" ><p class=\"p1\">SquidWeb unterscheidet klar zwischen <span class=\"s1\"><b>Informationen<\/b><\/span> und <span class=\"s1\"><b>Anweisungen<\/b><\/span>, sodass Unternehmen je nach Situation angemessen mit ihren Crew-Mitgliedern kommunizieren k\u00f6nnen:<\/p>\n<ul>\n<li>\n<p class=\"p1\"><span class=\"s1\"><b>Informationen<\/b><\/span> werden geteilt, ohne dass eine Aktion erforderlich ist.<\/p>\n<\/li>\n<li>\n<p class=\"p1\"><span class=\"s1\"><b>Anweisungen<\/b><\/span> erfordern eine Best\u00e4tigung, Unterschrift oder Durchf\u00fchrung.<\/p>\n<\/li>\n<\/ul>\n<p class=\"p1\">Beides wird direkt \u00fcber die SquidWeb Mobile App an die Crew-Mitglieder \u00fcbermittelt und kann vollst\u00e4ndig durch Roboter automatisiert werden.<\/p>\n<\/div><\/section><\/div><\/div><\/div><\/main><!-- close content main element --><\/div><\/div><div id='av_section_2'  class='avia-section av-kp8fpycf-5b5df10b8d95c70e228d75eafa4cf512 main_color avia-section-default avia-no-border-styling  avia-builder-el-5  el_after_av_section  el_before_av_section  avia-bg-style-scroll container_wrap fullsize'  ><div class='container av-section-cont-open' ><div class='template-page content  av-content-full alpha units'><div class='post-entry post-entry-type-page post-entry-3708'><div class='entry-content-wrapper clearfix'>\n<section  class='av_textblock_section av-kp3wppud-393770e97b8ff9c221bd0c2d5ec5484e '   itemscope=\"itemscope\" itemtype=\"https:\/\/schema.org\/CreativeWork\" ><div class='avia_textblock'  itemprop=\"text\" ><h2 style=\"text-align: center;\">Information: Crew-Mitglieder informiert halten<\/h2>\n<\/div><\/section>\n<section  class='av_textblock_section av-kp3xe2lh-993d787b02dac340efc2c180fd9a7bab '   itemscope=\"itemscope\" itemtype=\"https:\/\/schema.org\/CreativeWork\" ><div class='avia_textblock'  itemprop=\"text\" ><p class=\"p1\">Informationen werden verwendet, um Inhalte bereitzustellen, die Crew-Mitglieder sehen sollen, jedoch nicht aktiv best\u00e4tigen m\u00fcssen.<\/p>\n<p class=\"p1\">Typische Anwendungsf\u00e4lle sind:<\/p>\n<ul>\n<li>\n<p class=\"p1\">Allgemeine Kundeninformationen<\/p>\n<\/li>\n<li>\n<p class=\"p1\">Projektbezogene Notizen<\/p>\n<\/li>\n<li>\n<p class=\"p1\">Richtlinien und Referenzdokumente<\/p>\n<\/li>\n<li>\n<p class=\"p1\">Updates, die jederzeit in der Mobile App verf\u00fcgbar sein sollten<\/p>\n<\/li>\n<\/ul>\n<p class=\"p1\">Informationen k\u00f6nnen auf Kunden- oder Projektebene hinterlegt werden und bleiben f\u00fcr Crew-Mitglieder zug\u00e4nglich \u2013 ohne unn\u00f6tige Reibung oder Best\u00e4tigungsprozesse.<\/p>\n<\/div><\/section>\n<\/div><\/div><\/div><!-- close content main div --><\/div><\/div><div id='av_section_3'  class='avia-section av-9chmo2-2b2edce25840996bdfb5926d745615be alternate_color avia-section-default avia-no-border-styling  avia-builder-el-8  el_after_av_section  el_before_av_section  avia-bg-style-scroll container_wrap fullsize'  ><div class='container av-section-cont-open' ><div class='template-page content  av-content-full alpha units'><div class='post-entry post-entry-type-page post-entry-3708'><div class='entry-content-wrapper clearfix'>\n<section  class='av_textblock_section av-86suw2-e202f48502cb40b1fe83649e5b841d10 '   itemscope=\"itemscope\" itemtype=\"https:\/\/schema.org\/CreativeWork\" ><div class='avia_textblock'  itemprop=\"text\" ><h2 style=\"text-align: center;\">Anweisungen: Wenn Handlung und Compliance entscheidend sindr<\/h2>\n<\/div><\/section>\n<section  class='av_textblock_section av-6bp3aq-75c8f6a0453952d7e1d8c34d8038eac0 '   itemscope=\"itemscope\" itemtype=\"https:\/\/schema.org\/CreativeWork\" ><div class='avia_textblock'  itemprop=\"text\" ><p class=\"p1\">Anweisungen werden eingesetzt, wenn Crew-Mitglieder aktiv mit dem Inhalt interagieren m\u00fcssen.<\/p>\n<p class=\"p1\">SquidWeb unterst\u00fctzt verschiedene Anweisungsformate \u2013 abh\u00e4ngig vom erforderlichen Interaktions- und Compliance-Level:<\/p>\n<h3><b>Digital signierte Anweisungen<\/b><\/h3>\n<p class=\"p1\">Geeignet f\u00fcr rechtliche, sicherheitsrelevante oder compliancebezogene Inhalte.<\/p>\n<ul>\n<li>\n<p class=\"p1\">Crew-Mitglieder unterschreiben direkt in der Mobile App<\/p>\n<\/li>\n<li>\n<p class=\"p1\">Digitale Signaturen enthalten Zeitstempel, IP-Adresse und Verifikation<\/p>\n<\/li>\n<li>\n<p class=\"p1\">G\u00fcltigkeitszeitr\u00e4ume und Verl\u00e4ngerungen k\u00f6nnen automatisiert werden<\/p>\n<\/li>\n<\/ul>\n<h3><b>Dokumentenbasierte Anweisungen (Google Docs oder PDFs)<\/b><\/h3>\n<p class=\"p1\">Ideal f\u00fcr kunden- oder projektspezifische Anweisungen.<\/p>\n<ul>\n<li>\n<p class=\"p1\">Anweisungen werden automatisch an ausgew\u00e4hlte Crew-Mitglieder versendet<\/p>\n<\/li>\n<li>\n<p class=\"p1\">Benachrichtigungen k\u00f6nnen per App, E-Mail oder SMS zugestellt werden<\/p>\n<\/li>\n<li>\n<p class=\"p1\">Planer k\u00f6nnen nachverfolgen, wann Anweisungen gesendet und empfangen wurden<\/p>\n<\/li>\n<\/ul>\n<h3><b>Formularbasierte Anweisungen<\/b><\/h3>\n<p class=\"p1\">Ein interaktiver Ansatz f\u00fcr komplexe oder detaillierte Anweisungen.<\/p>\n<ul>\n<li>\n<p class=\"p1\">Strukturierte Schritte und gef\u00fchrte Abl\u00e4ufe<\/p>\n<\/li>\n<li>\n<p class=\"p1\">Eingebettete Videos und Rich Content<\/p>\n<\/li>\n<li>\n<p class=\"p1\">Klare, leicht verst\u00e4ndliche Anweisungen direkt in der Mobile App<\/p>\n<\/li>\n<\/ul>\n<p class=\"p1\">Formularbasierte Anweisungen sind besonders effektiv, wenn statische Dokumente nicht ausreichend klar oder ansprechend sind.<\/p>\n<\/div><\/section>\n<\/div><\/div><\/div><!-- close content main div --><\/div><\/div><div id='av_section_4'  class='avia-section av-3yltiq-c36755f2f75499fd832e6a5189c05028 main_color avia-section-default avia-no-border-styling  avia-builder-el-11  el_after_av_section  el_before_av_section  avia-bg-style-scroll container_wrap fullsize'  ><div class='container av-section-cont-open' ><div class='template-page content  av-content-full alpha units'><div class='post-entry post-entry-type-page post-entry-3708'><div class='entry-content-wrapper clearfix'>\n<section  class='av_textblock_section av-ml83sbwm-0ae7c59008239ac6d9f023b0efc2261c '   itemscope=\"itemscope\" itemtype=\"https:\/\/schema.org\/CreativeWork\" ><div class='avia_textblock'  itemprop=\"text\" ><h2 style=\"text-align: center;\"><b>Mehr erfahren: Tutorials und Schritt-f\u00fcr-Schritt-Anleitungen<\/b><\/h2>\n<\/div><\/section>\n<section  class='av_textblock_section av-ml83sms8-496805209bfe8921f6176d4082704d8c '   itemscope=\"itemscope\" itemtype=\"https:\/\/schema.org\/CreativeWork\" ><div class='avia_textblock'  itemprop=\"text\" ><p class=\"p1\">SquidWeb bietet detaillierte Tutorials und Anleitungen zu allen Informations- und Anweisungsprozessen.<\/p>\n<p class=\"p1\">Von der Erstellung digitaler Anweisungen \u00fcber die Konfiguration von Robotern bis hin zur Verwaltung der Kunden- und Projektkommunikation \u2013 alle Funktionen sind Schritt f\u00fcr Schritt dokumentiert.<\/p>\n<p class=\"p1\">Entdecken Sie unsere Anleitungen unter: <a href=\"https:\/\/squidweb.info\/instructions-information\/\">https:\/\/squidweb.info\/instructions-information\/<\/a><\/p>\n<p class=\"p1\">Diese Wissensdatenbank wird kontinuierlich aktualisiert und bietet praxisnahe Beispiele sowie vertiefende Informationen zu erweiterten Konfigurationen.<\/p>\n<\/div><\/section>\n<\/div><\/div><\/div><!-- close content main div --><\/div><\/div><div id='av_section_5'  class='avia-section av-kp8fthi2-d3d42f3eba85f78d6d84d8acec88f55c alternate_color avia-section-default avia-no-border-styling  avia-builder-el-14  el_after_av_section  el_before_av_section  avia-bg-style-scroll container_wrap fullsize'  ><div class='container av-section-cont-open' ><div class='template-page content  av-content-full alpha units'><div class='post-entry post-entry-type-page post-entry-3708'><div class='entry-content-wrapper clearfix'>\n<section  class='av_textblock_section av-kp3wppud-6-e9b773058a1a6abfd239a145b77b6124 '   itemscope=\"itemscope\" itemtype=\"https:\/\/schema.org\/CreativeWork\" ><div class='avia_textblock'  itemprop=\"text\" ><h2 style=\"text-align: center;\">Vollst\u00e4ndig automatisiert mit SquidWeb-Robotern<\/h2>\n<\/div><\/section>\n<section  class='av_textblock_section av-kp3y2ln5-5e85f0fb6846685ade0f2b5237befa9a '   itemscope=\"itemscope\" itemtype=\"https:\/\/schema.org\/CreativeWork\" ><div class='avia_textblock'  itemprop=\"text\" ><p class=\"p1\">Alle Kommunikationsarten in SquidWeb k\u00f6nnen mithilfe von Robotern automatisiert werden.<\/p>\n<p class=\"p1\">Roboter erm\u00f6glichen es Unternehmen:<\/p>\n<ul>\n<li>\n<p class=\"p1\">Crew-Mitglieder dynamisch anhand von Regeln und Abfragen auszuw\u00e4hlen<\/p>\n<\/li>\n<li>\n<p class=\"p1\">Kommunikation zeit-, projektstatus- oder zuweisungsbasiert auszul\u00f6sen<\/p>\n<\/li>\n<li>\n<p class=\"p1\">Sicherzustellen, dass neue Crew-Mitglieder automatisch die erforderlichen Anweisungen erhalten<\/p>\n<\/li>\n<li>\n<p class=\"p1\">Manuelle Nachverfolgung und vergessene Schritte zu reduzieren<\/p>\n<\/li>\n<\/ul>\n<p class=\"p1\">Planer m\u00fcssen Best\u00e4tigungen oder Dokumente nicht mehr manuell nachverfolgen oder erneut versenden \u2013 das System \u00fcbernimmt dies automatisch.<\/p>\n<\/div><\/section>\n<\/div><\/div><\/div><!-- close content main div --><\/div><\/div><div id='av_section_6'  class='avia-section av-2m7pgy-44da4681fbae4919d703d84a50a78300 main_color avia-section-default avia-no-border-styling  avia-builder-el-17  el_after_av_section  avia-builder-el-last  avia-bg-style-scroll container_wrap fullsize'  ><div class='container av-section-cont-open' ><div class='template-page content  av-content-full alpha units'><div class='post-entry post-entry-type-page post-entry-3708'><div class='entry-content-wrapper clearfix'>\n<section  class='av_textblock_section av-ml83tjcx-fe33223abadebd22f9127a4d3c4fa4c5 '   itemscope=\"itemscope\" itemtype=\"https:\/\/schema.org\/CreativeWork\" ><div class='avia_textblock'  itemprop=\"text\" ><h2 style=\"text-align: center;\">Entwickelt f\u00fcr Skalierbarkeit und Flexibilit\u00e4t<\/h2>\n<\/div><\/section>\n<section  class='av_textblock_section av-ml83ttqj-ec4a57292dca4a5682657d3c1f52f7dd '   itemscope=\"itemscope\" itemtype=\"https:\/\/schema.org\/CreativeWork\" ><div class='avia_textblock'  itemprop=\"text\" ><p class=\"p1\">Die Automatisierte Crew-Kommunikation in SquidWeb passt sich unterschiedlichen Workflows, Kundenstrukturen und M\u00e4rkten an.<\/p>\n<p class=\"p1\">Egal, ob Sie verwalten:<\/p>\n<ul>\n<li>\n<p class=\"p1\">Eine kleine lokale Crew<\/p>\n<\/li>\n<li>\n<p class=\"p1\">Mehrere Kunden in verschiedenen Regionen<\/p>\n<\/li>\n<li>\n<p class=\"p1\">Projektbasierte Eins\u00e4tze mit hohem Volumen<\/p>\n<\/li>\n<\/ul>\n<p class=\"p1\">SquidWeb stellt sicher, dass die Kommunikation konsistent, revisionssicher und einfach zu verwalten bleibt \u2013 ohne zus\u00e4tzliche Komplexit\u00e4t<\/p>\n<\/div><\/section>\n<\/p>\n","protected":false},"excerpt":{"rendered":"","protected":false},"author":109,"featured_media":0,"parent":3643,"menu_order":0,"comment_status":"closed","ping_status":"closed","template":"","meta":{"footnotes":""},"class_list":["post-3708","page","type-page","status-publish","hentry"],"yoast_head":"<!-- This site is optimized with the Yoast SEO plugin v26.1.1 - https:\/\/yoast.com\/wordpress\/plugins\/seo\/ -->\n<title>Automatisierte Crew-Kommunikation - SquidWeb<\/title>\n<meta name=\"robots\" content=\"index, follow, max-snippet:-1, max-image-preview:large, max-video-preview:-1\" \/>\n<link rel=\"canonical\" href=\"https:\/\/squidweb.biz\/de\/solutions\/automated-crew-communication\/\" \/>\n<meta property=\"og:locale\" content=\"de_DE\" \/>\n<meta property=\"og:type\" content=\"article\" \/>\n<meta property=\"og:title\" content=\"Automatisierte Crew-Kommunikation - SquidWeb\" \/>\n<meta property=\"og:url\" content=\"https:\/\/squidweb.biz\/de\/solutions\/automated-crew-communication\/\" \/>\n<meta property=\"og:site_name\" content=\"SquidWeb\" \/>\n<meta property=\"article:modified_time\" content=\"2026-03-03T06:38:12+00:00\" \/>\n<meta name=\"twitter:card\" content=\"summary_large_image\" \/>\n<meta name=\"twitter:label1\" content=\"Gesch\u00e4tzte Lesezeit\" \/>\n\t<meta name=\"twitter:data1\" content=\"3\u00a0Minuten\" \/>\n<script type=\"application\/ld+json\" class=\"yoast-schema-graph\">{\"@context\":\"https:\/\/schema.org\",\"@graph\":[{\"@type\":\"WebPage\",\"@id\":\"https:\/\/squidweb.biz\/de\/solutions\/automated-crew-communication\/\",\"url\":\"https:\/\/squidweb.biz\/de\/solutions\/automated-crew-communication\/\",\"name\":\"Automatisierte Crew-Kommunikation - SquidWeb\",\"isPartOf\":{\"@id\":\"https:\/\/squidweb.biz\/en\/#website\"},\"datePublished\":\"2026-02-04T13:50:21+00:00\",\"dateModified\":\"2026-03-03T06:38:12+00:00\",\"breadcrumb\":{\"@id\":\"https:\/\/squidweb.biz\/de\/solutions\/automated-crew-communication\/#breadcrumb\"},\"inLanguage\":\"de\",\"potentialAction\":[{\"@type\":\"ReadAction\",\"target\":[\"https:\/\/squidweb.biz\/de\/solutions\/automated-crew-communication\/\"]}]},{\"@type\":\"BreadcrumbList\",\"@id\":\"https:\/\/squidweb.biz\/de\/solutions\/automated-crew-communication\/#breadcrumb\",\"itemListElement\":[{\"@type\":\"ListItem\",\"position\":1,\"name\":\"Home\",\"item\":\"https:\/\/squidweb.biz\/de\/\"},{\"@type\":\"ListItem\",\"position\":2,\"name\":\"L\u00f6sungen\",\"item\":\"https:\/\/squidweb.biz\/de\/solutions\/\"},{\"@type\":\"ListItem\",\"position\":3,\"name\":\"Automatisierte Crew-Kommunikation\"}]},{\"@type\":\"WebSite\",\"@id\":\"https:\/\/squidweb.biz\/en\/#website\",\"url\":\"https:\/\/squidweb.biz\/en\/\",\"name\":\"SquidWeb\",\"description\":\"Complete Personnel Management Software\",\"potentialAction\":[{\"@type\":\"SearchAction\",\"target\":{\"@type\":\"EntryPoint\",\"urlTemplate\":\"https:\/\/squidweb.biz\/en\/?s={search_term_string}\"},\"query-input\":{\"@type\":\"PropertyValueSpecification\",\"valueRequired\":true,\"valueName\":\"search_term_string\"}}],\"inLanguage\":\"de\"}]}<\/script>\n<!-- \/ Yoast SEO plugin. -->","yoast_head_json":{"title":"Automatisierte Crew-Kommunikation - SquidWeb","robots":{"index":"index","follow":"follow","max-snippet":"max-snippet:-1","max-image-preview":"max-image-preview:large","max-video-preview":"max-video-preview:-1"},"canonical":"https:\/\/squidweb.biz\/de\/solutions\/automated-crew-communication\/","og_locale":"de_DE","og_type":"article","og_title":"Automatisierte Crew-Kommunikation - SquidWeb","og_url":"https:\/\/squidweb.biz\/de\/solutions\/automated-crew-communication\/","og_site_name":"SquidWeb","article_modified_time":"2026-03-03T06:38:12+00:00","twitter_card":"summary_large_image","twitter_misc":{"Gesch\u00e4tzte Lesezeit":"3\u00a0Minuten"},"schema":{"@context":"https:\/\/schema.org","@graph":[{"@type":"WebPage","@id":"https:\/\/squidweb.biz\/de\/solutions\/automated-crew-communication\/","url":"https:\/\/squidweb.biz\/de\/solutions\/automated-crew-communication\/","name":"Automatisierte Crew-Kommunikation - SquidWeb","isPartOf":{"@id":"https:\/\/squidweb.biz\/en\/#website"},"datePublished":"2026-02-04T13:50:21+00:00","dateModified":"2026-03-03T06:38:12+00:00","breadcrumb":{"@id":"https:\/\/squidweb.biz\/de\/solutions\/automated-crew-communication\/#breadcrumb"},"inLanguage":"de","potentialAction":[{"@type":"ReadAction","target":["https:\/\/squidweb.biz\/de\/solutions\/automated-crew-communication\/"]}]},{"@type":"BreadcrumbList","@id":"https:\/\/squidweb.biz\/de\/solutions\/automated-crew-communication\/#breadcrumb","itemListElement":[{"@type":"ListItem","position":1,"name":"Home","item":"https:\/\/squidweb.biz\/de\/"},{"@type":"ListItem","position":2,"name":"L\u00f6sungen","item":"https:\/\/squidweb.biz\/de\/solutions\/"},{"@type":"ListItem","position":3,"name":"Automatisierte Crew-Kommunikation"}]},{"@type":"WebSite","@id":"https:\/\/squidweb.biz\/en\/#website","url":"https:\/\/squidweb.biz\/en\/","name":"SquidWeb","description":"Complete Personnel Management Software","potentialAction":[{"@type":"SearchAction","target":{"@type":"EntryPoint","urlTemplate":"https:\/\/squidweb.biz\/en\/?s={search_term_string}"},"query-input":{"@type":"PropertyValueSpecification","valueRequired":true,"valueName":"search_term_string"}}],"inLanguage":"de"}]}},"_links":{"self":[{"href":"https:\/\/squidweb.biz\/de\/wp-json\/wp\/v2\/pages\/3708","targetHints":{"allow":["GET"]}}],"collection":[{"href":"https:\/\/squidweb.biz\/de\/wp-json\/wp\/v2\/pages"}],"about":[{"href":"https:\/\/squidweb.biz\/de\/wp-json\/wp\/v2\/types\/page"}],"author":[{"embeddable":true,"href":"https:\/\/squidweb.biz\/de\/wp-json\/wp\/v2\/users\/109"}],"replies":[{"embeddable":true,"href":"https:\/\/squidweb.biz\/de\/wp-json\/wp\/v2\/comments?post=3708"}],"version-history":[{"count":2,"href":"https:\/\/squidweb.biz\/de\/wp-json\/wp\/v2\/pages\/3708\/revisions"}],"predecessor-version":[{"id":3711,"href":"https:\/\/squidweb.biz\/de\/wp-json\/wp\/v2\/pages\/3708\/revisions\/3711"}],"up":[{"embeddable":true,"href":"https:\/\/squidweb.biz\/de\/wp-json\/wp\/v2\/pages\/3643"}],"wp:attachment":[{"href":"https:\/\/squidweb.biz\/de\/wp-json\/wp\/v2\/media?parent=3708"}],"curies":[{"name":"wp","href":"https:\/\/api.w.org\/{rel}","templated":true}]}}