{"id":3662,"date":"2025-10-21T10:34:52","date_gmt":"2025-10-21T08:34:52","guid":{"rendered":"https:\/\/squidweb.biz\/solutions\/automatizacion-de-contabilidad\/"},"modified":"2026-03-02T15:55:28","modified_gmt":"2026-03-02T14:55:28","slug":"automatisierte-buchhaltung","status":"publish","type":"page","link":"https:\/\/squidweb.biz\/de\/solutions\/automatisierte-buchhaltung\/","title":{"rendered":"Automatisierte Buchhaltung"},"content":{"rendered":"<div id='av_section_1'  class='avia-section av-we8dsj-58d9af8fb0591f8852ca546a31c22d35 alternate_color avia-section-default avia-no-border-styling  avia-builder-el-0  el_before_av_section  avia-builder-el-first  avia-bg-style-scroll container_wrap fullsize'  ><div class='container av-section-cont-open' ><main  role=\"main\" itemprop=\"mainContentOfPage\"  class='template-page content  av-content-full alpha units'><div class='post-entry post-entry-type-page post-entry-3662'><div class='entry-content-wrapper clearfix'>\n<section  class='av_textblock_section av-val4mb-8a781f2605dde504af2ab0efa998d08c '   itemscope=\"itemscope\" itemtype=\"https:\/\/schema.org\/CreativeWork\" ><div class='avia_textblock'  itemprop=\"text\" ><h1 style=\"text-align: center;\">Automatisierte Buchhaltung mit den SquidWeb-Robotern<\/h1>\n<\/div><\/section>\n<section  class='av_textblock_section av-sfqhv7-3646037a83cd1b50eaa7f94656751392 '   itemscope=\"itemscope\" itemtype=\"https:\/\/schema.org\/CreativeWork\" ><div class='avia_textblock'  itemprop=\"text\" ><p>Eine kurze Erkl\u00e4rung unserer Roboter: SquidWeb-Roboter erm\u00f6glichen es Benutzern, autonome Aktionen als Reaktion auf ein Ereignis zu programmieren. Ein Roboter kann so konfiguriert werden, dass er eine oder mehrere Aktionen ausf\u00fchrt, beispielsweise Benachrichtigungen an Mitarbeitende, die Erstellung von Dokumenten oder den Versand von E-Mails.<\/p>\n<p>Die Automatisierung der Buchhaltung ist eine der zentralen Funktionen der SquidWeb-Roboter. In diesem L\u00f6sungsbeispiel liegt der Fokus auf der automatischen Erstellung wiederkehrender Rechnungen.<\/p>\n<\/div><\/section>\n<\/div><\/div><\/main><!-- close content main element --><\/div><\/div><div id='av_section_2'  class='avia-section av-rrp86b-91d4bdc03db9dd838e7640ae2488cf62 main_color avia-section-default avia-no-border-styling  avia-builder-el-3  el_after_av_section  el_before_av_section  avia-bg-style-scroll container_wrap fullsize'  ><div class='container av-section-cont-open' ><div class='template-page content  av-content-full alpha units'><div class='post-entry post-entry-type-page post-entry-3662'><div class='entry-content-wrapper clearfix'>\n\n<style type=\"text\/css\" data-created_by=\"avia_inline_auto\" id=\"style-css-av-pk2xg3-2f94b17919ec5a00a53050e51d423142\">\n#top .av_textblock_section.av-pk2xg3-2f94b17919ec5a00a53050e51d423142 .avia_textblock{\nfont-size:32px;\n}\n<\/style>\n<section  class='av_textblock_section av-pk2xg3-2f94b17919ec5a00a53050e51d423142 '   itemscope=\"itemscope\" itemtype=\"https:\/\/schema.org\/CreativeWork\" ><div class='avia_textblock'  itemprop=\"text\" ><p style=\"text-align: center;\"><strong>Eine L\u00f6sung f\u00fcr wiederkehrende Rechnungen<\/strong><\/p>\n<\/div><\/section>\n\n<style type=\"text\/css\" data-created_by=\"avia_inline_auto\" id=\"style-css-av-o8q3zn-a124699a791139ba7155daa6038d4eac\">\n.flex_column.av-o8q3zn-a124699a791139ba7155daa6038d4eac{\nborder-radius:0px 0px 0px 0px;\npadding:0px 0px 0px 0px;\n}\n<\/style>\n<div  class='flex_column av-o8q3zn-a124699a791139ba7155daa6038d4eac av_one_third  avia-builder-el-5  el_after_av_textblock  el_before_av_three_fifth  first flex_column_div av-zero-column-padding  column-top-margin'     ><style type=\"text\/css\" data-created_by=\"avia_inline_auto\" id=\"style-css-av-lwe9v7-99d17092fed013cb27f5195778f27247\">\n.avia-image-container.av-lwe9v7-99d17092fed013cb27f5195778f27247 img.avia_image{\nbox-shadow:none;\n}\n.avia-image-container.av-lwe9v7-99d17092fed013cb27f5195778f27247 .av-image-caption-overlay-center{\ncolor:#ffffff;\n}\n<\/style>\n<div  class='avia-image-container av-lwe9v7-99d17092fed013cb27f5195778f27247 av-styling- avia-align-center  avia-builder-el-6  avia-builder-el-no-sibling '   itemprop=\"image\" itemscope=\"itemscope\" itemtype=\"https:\/\/schema.org\/ImageObject\" ><div class=\"avia-image-container-inner\"><div class=\"avia-image-overlay-wrap\"><img decoding=\"async\" fetchpriority=\"high\" class='wp-image-2142 avia-img-lazy-loading-not-2142 avia_image ' src=\"https:\/\/squidweb.biz\/wp-content\/uploads\/2021\/06\/sharon-mccutcheon-tn57JI3CewI-unsplash-scaled.jpg\" alt='' title='sharon-mccutcheon-tn57JI3CewI-unsplash'  height=\"2560\" width=\"1707\"  itemprop=\"thumbnailUrl\" srcset=\"https:\/\/squidweb.biz\/wp-content\/uploads\/2021\/06\/sharon-mccutcheon-tn57JI3CewI-unsplash-scaled.jpg 1707w, https:\/\/squidweb.biz\/wp-content\/uploads\/2021\/06\/sharon-mccutcheon-tn57JI3CewI-unsplash-200x300.jpg 200w, https:\/\/squidweb.biz\/wp-content\/uploads\/2021\/06\/sharon-mccutcheon-tn57JI3CewI-unsplash-687x1030.jpg 687w, https:\/\/squidweb.biz\/wp-content\/uploads\/2021\/06\/sharon-mccutcheon-tn57JI3CewI-unsplash-768x1152.jpg 768w, https:\/\/squidweb.biz\/wp-content\/uploads\/2021\/06\/sharon-mccutcheon-tn57JI3CewI-unsplash-1024x1536.jpg 1024w, https:\/\/squidweb.biz\/wp-content\/uploads\/2021\/06\/sharon-mccutcheon-tn57JI3CewI-unsplash-1365x2048.jpg 1365w, https:\/\/squidweb.biz\/wp-content\/uploads\/2021\/06\/sharon-mccutcheon-tn57JI3CewI-unsplash-1000x1500.jpg 1000w, https:\/\/squidweb.biz\/wp-content\/uploads\/2021\/06\/sharon-mccutcheon-tn57JI3CewI-unsplash-470x705.jpg 470w\" sizes=\"(max-width: 1707px) 100vw, 1707px\" \/><\/div><\/div><\/div><\/div>\n<style type=\"text\/css\" data-created_by=\"avia_inline_auto\" id=\"style-css-av-le370j-46a3c6de04d1d48d6ef37e49a55231cb\">\n.flex_column.av-le370j-46a3c6de04d1d48d6ef37e49a55231cb{\nborder-radius:0px 0px 0px 0px;\npadding:0px 0px 0px 0px;\n}\n<\/style>\n<div  class='flex_column av-le370j-46a3c6de04d1d48d6ef37e49a55231cb av_three_fifth  avia-builder-el-7  el_after_av_one_third  avia-builder-el-last  flex_column_div av-zero-column-padding  column-top-margin'     ><section  class='av_textblock_section av-1vlmmr-de2c75c4b0589d9d27945a841ce68fdb '   itemscope=\"itemscope\" itemtype=\"https:\/\/schema.org\/CreativeWork\" ><div class='avia_textblock'  itemprop=\"text\" ><p>Um unser Buchhaltungsteam zu unterst\u00fctzen und die Effizienz zu steigern, haben wir beschlossen, die Prozesse rund um die Rechnungsstellung zu automatisieren. Ziel war es, Werkzeuge zu implementieren, die wiederkehrende Aufgaben reduzieren und zeitaufwendige manuelle T\u00e4tigkeiten minimieren.<\/p>\n<p>Zu den wichtigsten Herausforderungen geh\u00f6rten das wiederholte Erstellen identischer Rechnungen sowie die Bearbeitung eingehender Belege. Obwohl diese Aufgaben f\u00fcr den Prozess notwendig sind, sollten sie nicht unn\u00f6tig Zeit der Buchhaltung in Anspruch nehmen.<\/p>\n<p>Wir haben daher die Erstellung wiederkehrender Rechnungen automatisiert. Anstatt monatlich neue Rechnungen manuell zu erstellen, k\u00f6nnen Roboter so konfiguriert werden, dass sie automatisch Rechnungen an Kunden generieren \u2013 entweder zu einem festgelegten Zeitpunkt oder basierend auf bestimmten Ausl\u00f6sern. Das Buchhaltungsteam kann die Rechnungen bei Bedarf vor dem Versand \u00fcberpr\u00fcfen.<\/p>\n<p>Das System nutzt die im System hinterlegten Vorlagen sowie Variablen wie Datum und Rechnungsnummer, um automatisch eine neue Rechnung mit allen korrekten Informationen zu erstellen. Der Zeitpunkt der Ausf\u00fchrung ist vollst\u00e4ndig konfigurierbar \u2013 beispielsweise am ersten Tag eines jeden Monats.<\/p>\n<p>Die Eliminierung dieser repetitiven Prozesse verschafft unserem Buchhaltungsteam mehr Kapazit\u00e4t f\u00fcr strategisch wichtigere Aufgaben und reduziert gleichzeitig das Risiko menschlicher Fehler.<\/p>\n<\/div><\/section><\/div><\/div><\/div><\/div><!-- close content main div --><\/div><\/div><div id='av_section_3'  class='avia-section av-hl8pmb-bdccd2376f71c844deb1e2dd5356e726 alternate_color avia-section-default avia-no-border-styling  avia-builder-el-9  el_after_av_section  el_before_av_section  avia-bg-style-scroll container_wrap fullsize'  ><div class='container av-section-cont-open' ><div class='template-page content  av-content-full alpha units'><div class='post-entry post-entry-type-page post-entry-3662'><div class='entry-content-wrapper clearfix'>\n\n<style type=\"text\/css\" data-created_by=\"avia_inline_auto\" id=\"style-css-av-f787ur-0925c8b58d6025c8e8d76c75ceec9965\">\n#top .av-special-heading.av-f787ur-0925c8b58d6025c8e8d76c75ceec9965{\npadding-bottom:10px;\n}\nbody .av-special-heading.av-f787ur-0925c8b58d6025c8e8d76c75ceec9965 .av-special-heading-tag .heading-char{\nfont-size:25px;\n}\n.av-special-heading.av-f787ur-0925c8b58d6025c8e8d76c75ceec9965 .av-subheading{\nfont-size:15px;\n}\n<\/style>\n<div  class='av-special-heading av-f787ur-0925c8b58d6025c8e8d76c75ceec9965 av-special-heading-h5  avia-builder-el-10  el_before_av_two_third  avia-builder-el-first  av-linked-heading'><h5 class='av-special-heading-tag '  itemprop=\"headline\"  >Unser Team informiert halten<\/h5><div class=\"special-heading-border\"><div class=\"special-heading-inner-border\"><\/div><\/div><\/div>\n\n<style type=\"text\/css\" data-created_by=\"avia_inline_auto\" id=\"style-css-av-e83uvn-812bc4185092bfcc85dcf91405ec068b\">\n.flex_column.av-e83uvn-812bc4185092bfcc85dcf91405ec068b{\nborder-radius:0px 0px 0px 0px;\npadding:0px 0px 0px 0px;\n}\n<\/style>\n<div  class='flex_column av-e83uvn-812bc4185092bfcc85dcf91405ec068b av_two_third  avia-builder-el-11  el_after_av_heading  el_before_av_one_third  first flex_column_div av-zero-column-padding  '     ><section  class='av_textblock_section av-cogooj-5984aab4b4ebd26bdbfb53b069eabb7a '   itemscope=\"itemscope\" itemtype=\"https:\/\/schema.org\/CreativeWork\" ><div class='avia_textblock'  itemprop=\"text\" ><p>Neben der Automatisierung der Rechnungsstellung ist auch die interne Kommunikation entscheidend. Um unser Buchhaltungsteam zu informieren, senden die Roboter automatisch Benachrichtigungen \u00fcber neu generierte oder versendete Rechnungen.<\/p>\n<p>Der Roboter versendet automatisch eine Nachricht im SquidWeb-Messenger an das Buchhaltungsteam, um \u00fcber offene Aufgaben zu informieren und sicherzustellen, dass alle Beteiligten stets auf dem aktuellen Stand bleiben.<\/p>\n<p>Dar\u00fcber hinaus werden Benachrichtigungen auch an die zust\u00e4ndigen Kontakte auf Kundenseite sowie an die verantwortlichen Teammitglieder gesendet. Jede vom Roboter ausgef\u00fchrte Aktion wird mit Zeitstempel protokolliert.<\/p>\n<\/div><\/section><\/div>\n<style type=\"text\/css\" data-created_by=\"avia_inline_auto\" id=\"style-css-av-bbkzwz-c671f11e9898c86d055f6837e7050ab8\">\n.flex_column.av-bbkzwz-c671f11e9898c86d055f6837e7050ab8{\nborder-radius:0px 0px 0px 0px;\npadding:0px 0px 0px 0px;\n}\n<\/style>\n<div  class='flex_column av-bbkzwz-c671f11e9898c86d055f6837e7050ab8 av_one_third  avia-builder-el-13  el_after_av_two_third  avia-builder-el-last  flex_column_div av-zero-column-padding  '     ><style type=\"text\/css\" data-created_by=\"avia_inline_auto\" id=\"style-css-av-9evczn-4e697c6fe7f77703e80cf7ca198fdbe3\">\n.avia-image-container.av-9evczn-4e697c6fe7f77703e80cf7ca198fdbe3 img.avia_image{\nbox-shadow:none;\n}\n.avia-image-container.av-9evczn-4e697c6fe7f77703e80cf7ca198fdbe3 .av-image-caption-overlay-center{\ncolor:#ffffff;\n}\n<\/style>\n<div  class='avia-image-container av-9evczn-4e697c6fe7f77703e80cf7ca198fdbe3 av-styling- avia-align-center  avia-builder-el-14  avia-builder-el-no-sibling '   itemprop=\"image\" itemscope=\"itemscope\" itemtype=\"https:\/\/schema.org\/ImageObject\" ><div class=\"avia-image-container-inner\"><div class=\"avia-image-overlay-wrap\"><img decoding=\"async\" fetchpriority=\"high\" class='wp-image-2076 avia-img-lazy-loading-not-2076 avia_image ' src=\"https:\/\/squidweb.biz\/wp-content\/uploads\/2021\/06\/annie-spratt-QckxruozjRg-unsplash.jpg\" alt='' title='annie-spratt-QckxruozjRg-unsplash'  height=\"5304\" width=\"7952\"  itemprop=\"thumbnailUrl\" srcset=\"https:\/\/squidweb.biz\/wp-content\/uploads\/2021\/06\/annie-spratt-QckxruozjRg-unsplash.jpg 7952w, https:\/\/squidweb.biz\/wp-content\/uploads\/2021\/06\/annie-spratt-QckxruozjRg-unsplash-300x200.jpg 300w, https:\/\/squidweb.biz\/wp-content\/uploads\/2021\/06\/annie-spratt-QckxruozjRg-unsplash-1030x687.jpg 1030w, https:\/\/squidweb.biz\/wp-content\/uploads\/2021\/06\/annie-spratt-QckxruozjRg-unsplash-768x512.jpg 768w, https:\/\/squidweb.biz\/wp-content\/uploads\/2021\/06\/annie-spratt-QckxruozjRg-unsplash-1536x1025.jpg 1536w, https:\/\/squidweb.biz\/wp-content\/uploads\/2021\/06\/annie-spratt-QckxruozjRg-unsplash-1500x1001.jpg 1500w, https:\/\/squidweb.biz\/wp-content\/uploads\/2021\/06\/annie-spratt-QckxruozjRg-unsplash-705x470.jpg 705w\" sizes=\"(max-width: 7952px) 100vw, 7952px\" \/><\/div><\/div><\/div><\/div><\/div><\/div><\/div><!-- close content main div --><\/div><\/div><div id='av_section_4'  class='avia-section av-qzngj-a51d813005fbe301f079d4873133ef6e main_color avia-section-default avia-no-border-styling  avia-builder-el-15  el_after_av_section  el_before_av_one_third  avia-bg-style-scroll container_wrap fullsize'  ><div class='container av-section-cont-open' ><div class='template-page content  av-content-full alpha units'><div class='post-entry post-entry-type-page post-entry-3662'><div class='entry-content-wrapper clearfix'>\n\n<style type=\"text\/css\" data-created_by=\"avia_inline_auto\" id=\"style-css-av-5hzk43-f63b374155171b4718616c9eb3258fdf\">\n#top .av-special-heading.av-5hzk43-f63b374155171b4718616c9eb3258fdf{\npadding-bottom:10px;\n}\nbody .av-special-heading.av-5hzk43-f63b374155171b4718616c9eb3258fdf .av-special-heading-tag .heading-char{\nfont-size:25px;\n}\n.av-special-heading.av-5hzk43-f63b374155171b4718616c9eb3258fdf .av-subheading{\nfont-size:15px;\n}\n<\/style>\n<div  class='av-special-heading av-5hzk43-f63b374155171b4718616c9eb3258fdf av-special-heading-h5  avia-builder-el-16  el_before_av_textblock  avia-builder-el-first  av-linked-heading'><h5 class='av-special-heading-tag '  itemprop=\"headline\"  >Buchhaltung mit SquidWeb-Robotern<\/h5><div class=\"special-heading-border\"><div class=\"special-heading-inner-border\"><\/div><\/div><\/div>\n<section  class='av_textblock_section av-4pzyyr-96dc43e4f7e2cbb03d6b5c457fad3561 '   itemscope=\"itemscope\" itemtype=\"https:\/\/schema.org\/CreativeWork\" ><div class='avia_textblock'  itemprop=\"text\" ><p>Ein weiteres Beispiel ist die Automatisierung von Zahlungs- und Mahnprozessen. Die Roboter \u00fcberwachen automatisch Zahlungsfristen und l\u00f6sen entsprechende Warnungen aus, sobald ein Zahlungsziel \u00fcberschritten wird.<\/p>\n<p>Das System kann automatisch Mahnungen erstellen und per E-Mail versenden, sobald eine definierte Frist erreicht ist. Diese Fristen k\u00f6nnen individuell pro Unternehmen konfiguriert werden.<br \/>\n<img loading=\"lazy\" decoding=\"async\" class=\"alignnone size-full wp-image-1754\" src=\"https:\/\/squidweb.biz\/wp-content\/uploads\/2021\/04\/Change-due-date.gif\" alt=\"\" width=\"1885\" height=\"882\" \/><\/p>\n<p>Zus\u00e4tzlich k\u00f6nnen interne Warnmeldungen an das Buchhaltungsteam gesendet werden, sobald eine Zahlungsfrist abl\u00e4uft. Auch hier erfolgt die Erstellung des Mahndokuments automatisch \u2013 ohne manuelles Eingreifen.<\/p>\n<p>Diese Automatisierung ersetzt nicht die Rolle der Buchhaltung, reduziert jedoch repetitive Aufgaben erheblich und minimiert gleichzeitig operative Fehler.<\/p>\n<\/div><\/section>\n<\/div><\/div><\/div><!-- close content main div --><\/div><\/div><div id='after_section_4'  class='main_color av_default_container_wrap container_wrap fullsize'  ><div class='container av-section-cont-open' ><div class='template-page content  av-content-full alpha units'><div class='post-entry post-entry-type-page post-entry-3662'><div class='entry-content-wrapper clearfix'>\n<style type=\"text\/css\" data-created_by=\"avia_inline_auto\" id=\"style-css-av-26opwz-168318d6abfc6915caa86d1f0b19c1bb\">\n.flex_column.av-26opwz-168318d6abfc6915caa86d1f0b19c1bb{\nborder-radius:0px 0px 0px 0px;\npadding:0px 0px 0px 0px;\n}\n<\/style>\n<div  class='flex_column av-26opwz-168318d6abfc6915caa86d1f0b19c1bb av_one_third  avia-builder-el-18  el_after_av_section  avia-builder-el-no-sibling  first flex_column_div av-zero-column-padding  '     ><\/div><\/p>\n","protected":false},"excerpt":{"rendered":"","protected":false},"author":100,"featured_media":0,"parent":3643,"menu_order":0,"comment_status":"closed","ping_status":"closed","template":"","meta":{"footnotes":""},"class_list":["post-3662","page","type-page","status-publish","hentry"],"yoast_head":"<!-- This site is optimized with the Yoast SEO plugin v26.1.1 - https:\/\/yoast.com\/wordpress\/plugins\/seo\/ -->\n<title>Automatisierte Buchhaltung - SquidWeb<\/title>\n<meta name=\"robots\" content=\"index, follow, max-snippet:-1, max-image-preview:large, max-video-preview:-1\" \/>\n<link rel=\"canonical\" href=\"https:\/\/squidweb.biz\/de\/solutions\/automatisierte-buchhaltung\/\" \/>\n<meta property=\"og:locale\" content=\"de_DE\" \/>\n<meta property=\"og:type\" content=\"article\" \/>\n<meta property=\"og:title\" content=\"Automatisierte Buchhaltung - SquidWeb\" \/>\n<meta property=\"og:url\" content=\"https:\/\/squidweb.biz\/de\/solutions\/automatisierte-buchhaltung\/\" \/>\n<meta property=\"og:site_name\" content=\"SquidWeb\" \/>\n<meta property=\"article:modified_time\" content=\"2026-03-02T14:55:28+00:00\" \/>\n<meta property=\"og:image\" content=\"https:\/\/squidweb.biz\/wp-content\/uploads\/2021\/04\/Change-due-date.gif\" \/>\n<meta name=\"twitter:card\" content=\"summary_large_image\" \/>\n<meta name=\"twitter:label1\" content=\"Gesch\u00e4tzte Lesezeit\" \/>\n\t<meta name=\"twitter:data1\" content=\"3\u00a0Minuten\" \/>\n<script type=\"application\/ld+json\" class=\"yoast-schema-graph\">{\"@context\":\"https:\/\/schema.org\",\"@graph\":[{\"@type\":\"WebPage\",\"@id\":\"https:\/\/squidweb.biz\/de\/solutions\/automatisierte-buchhaltung\/\",\"url\":\"https:\/\/squidweb.biz\/de\/solutions\/automatisierte-buchhaltung\/\",\"name\":\"Automatisierte Buchhaltung - SquidWeb\",\"isPartOf\":{\"@id\":\"https:\/\/squidweb.biz\/en\/#website\"},\"primaryImageOfPage\":{\"@id\":\"https:\/\/squidweb.biz\/de\/solutions\/automatisierte-buchhaltung\/#primaryimage\"},\"image\":{\"@id\":\"https:\/\/squidweb.biz\/de\/solutions\/automatisierte-buchhaltung\/#primaryimage\"},\"thumbnailUrl\":\"https:\/\/squidweb.biz\/wp-content\/uploads\/2021\/04\/Change-due-date.gif\",\"datePublished\":\"2025-10-21T08:34:52+00:00\",\"dateModified\":\"2026-03-02T14:55:28+00:00\",\"breadcrumb\":{\"@id\":\"https:\/\/squidweb.biz\/de\/solutions\/automatisierte-buchhaltung\/#breadcrumb\"},\"inLanguage\":\"de\",\"potentialAction\":[{\"@type\":\"ReadAction\",\"target\":[\"https:\/\/squidweb.biz\/de\/solutions\/automatisierte-buchhaltung\/\"]}]},{\"@type\":\"ImageObject\",\"inLanguage\":\"de\",\"@id\":\"https:\/\/squidweb.biz\/de\/solutions\/automatisierte-buchhaltung\/#primaryimage\",\"url\":\"https:\/\/squidweb.biz\/wp-content\/uploads\/2021\/04\/Change-due-date.gif\",\"contentUrl\":\"https:\/\/squidweb.biz\/wp-content\/uploads\/2021\/04\/Change-due-date.gif\"},{\"@type\":\"BreadcrumbList\",\"@id\":\"https:\/\/squidweb.biz\/de\/solutions\/automatisierte-buchhaltung\/#breadcrumb\",\"itemListElement\":[{\"@type\":\"ListItem\",\"position\":1,\"name\":\"Home\",\"item\":\"https:\/\/squidweb.biz\/de\/\"},{\"@type\":\"ListItem\",\"position\":2,\"name\":\"L\u00f6sungen\",\"item\":\"https:\/\/squidweb.biz\/de\/solutions\/\"},{\"@type\":\"ListItem\",\"position\":3,\"name\":\"Automatisierte Buchhaltung\"}]},{\"@type\":\"WebSite\",\"@id\":\"https:\/\/squidweb.biz\/en\/#website\",\"url\":\"https:\/\/squidweb.biz\/en\/\",\"name\":\"SquidWeb\",\"description\":\"Complete Personnel Management Software\",\"potentialAction\":[{\"@type\":\"SearchAction\",\"target\":{\"@type\":\"EntryPoint\",\"urlTemplate\":\"https:\/\/squidweb.biz\/en\/?s={search_term_string}\"},\"query-input\":{\"@type\":\"PropertyValueSpecification\",\"valueRequired\":true,\"valueName\":\"search_term_string\"}}],\"inLanguage\":\"de\"}]}<\/script>\n<!-- \/ Yoast SEO plugin. -->","yoast_head_json":{"title":"Automatisierte Buchhaltung - SquidWeb","robots":{"index":"index","follow":"follow","max-snippet":"max-snippet:-1","max-image-preview":"max-image-preview:large","max-video-preview":"max-video-preview:-1"},"canonical":"https:\/\/squidweb.biz\/de\/solutions\/automatisierte-buchhaltung\/","og_locale":"de_DE","og_type":"article","og_title":"Automatisierte Buchhaltung - SquidWeb","og_url":"https:\/\/squidweb.biz\/de\/solutions\/automatisierte-buchhaltung\/","og_site_name":"SquidWeb","article_modified_time":"2026-03-02T14:55:28+00:00","og_image":[{"url":"https:\/\/squidweb.biz\/wp-content\/uploads\/2021\/04\/Change-due-date.gif","type":"","width":"","height":""}],"twitter_card":"summary_large_image","twitter_misc":{"Gesch\u00e4tzte Lesezeit":"3\u00a0Minuten"},"schema":{"@context":"https:\/\/schema.org","@graph":[{"@type":"WebPage","@id":"https:\/\/squidweb.biz\/de\/solutions\/automatisierte-buchhaltung\/","url":"https:\/\/squidweb.biz\/de\/solutions\/automatisierte-buchhaltung\/","name":"Automatisierte Buchhaltung - SquidWeb","isPartOf":{"@id":"https:\/\/squidweb.biz\/en\/#website"},"primaryImageOfPage":{"@id":"https:\/\/squidweb.biz\/de\/solutions\/automatisierte-buchhaltung\/#primaryimage"},"image":{"@id":"https:\/\/squidweb.biz\/de\/solutions\/automatisierte-buchhaltung\/#primaryimage"},"thumbnailUrl":"https:\/\/squidweb.biz\/wp-content\/uploads\/2021\/04\/Change-due-date.gif","datePublished":"2025-10-21T08:34:52+00:00","dateModified":"2026-03-02T14:55:28+00:00","breadcrumb":{"@id":"https:\/\/squidweb.biz\/de\/solutions\/automatisierte-buchhaltung\/#breadcrumb"},"inLanguage":"de","potentialAction":[{"@type":"ReadAction","target":["https:\/\/squidweb.biz\/de\/solutions\/automatisierte-buchhaltung\/"]}]},{"@type":"ImageObject","inLanguage":"de","@id":"https:\/\/squidweb.biz\/de\/solutions\/automatisierte-buchhaltung\/#primaryimage","url":"https:\/\/squidweb.biz\/wp-content\/uploads\/2021\/04\/Change-due-date.gif","contentUrl":"https:\/\/squidweb.biz\/wp-content\/uploads\/2021\/04\/Change-due-date.gif"},{"@type":"BreadcrumbList","@id":"https:\/\/squidweb.biz\/de\/solutions\/automatisierte-buchhaltung\/#breadcrumb","itemListElement":[{"@type":"ListItem","position":1,"name":"Home","item":"https:\/\/squidweb.biz\/de\/"},{"@type":"ListItem","position":2,"name":"L\u00f6sungen","item":"https:\/\/squidweb.biz\/de\/solutions\/"},{"@type":"ListItem","position":3,"name":"Automatisierte Buchhaltung"}]},{"@type":"WebSite","@id":"https:\/\/squidweb.biz\/en\/#website","url":"https:\/\/squidweb.biz\/en\/","name":"SquidWeb","description":"Complete Personnel Management Software","potentialAction":[{"@type":"SearchAction","target":{"@type":"EntryPoint","urlTemplate":"https:\/\/squidweb.biz\/en\/?s={search_term_string}"},"query-input":{"@type":"PropertyValueSpecification","valueRequired":true,"valueName":"search_term_string"}}],"inLanguage":"de"}]}},"_links":{"self":[{"href":"https:\/\/squidweb.biz\/de\/wp-json\/wp\/v2\/pages\/3662","targetHints":{"allow":["GET"]}}],"collection":[{"href":"https:\/\/squidweb.biz\/de\/wp-json\/wp\/v2\/pages"}],"about":[{"href":"https:\/\/squidweb.biz\/de\/wp-json\/wp\/v2\/types\/page"}],"author":[{"embeddable":true,"href":"https:\/\/squidweb.biz\/de\/wp-json\/wp\/v2\/users\/100"}],"replies":[{"embeddable":true,"href":"https:\/\/squidweb.biz\/de\/wp-json\/wp\/v2\/comments?post=3662"}],"version-history":[{"count":10,"href":"https:\/\/squidweb.biz\/de\/wp-json\/wp\/v2\/pages\/3662\/revisions"}],"predecessor-version":[{"id":3678,"href":"https:\/\/squidweb.biz\/de\/wp-json\/wp\/v2\/pages\/3662\/revisions\/3678"}],"up":[{"embeddable":true,"href":"https:\/\/squidweb.biz\/de\/wp-json\/wp\/v2\/pages\/3643"}],"wp:attachment":[{"href":"https:\/\/squidweb.biz\/de\/wp-json\/wp\/v2\/media?parent=3662"}],"curies":[{"name":"wp","href":"https:\/\/api.w.org\/{rel}","templated":true}]}}